{"id":2372,"date":"2021-10-28T07:05:26","date_gmt":"2021-10-28T07:05:26","guid":{"rendered":"https:\/\/fittinge.ch\/wp-ktech\/?page_id=2372"},"modified":"2022-02-07T06:49:44","modified_gmt":"2022-02-07T06:49:44","slug":"engineering","status":"publish","type":"page","link":"https:\/\/k-tech-gmbh.ch\/en\/anlagenbau\/engineering\/","title":{"rendered":"Engi\u00adnee\u00adring"},"content":{"rendered":"\t\t<div data-elementor-type=\"wp-page\" data-elementor-id=\"2372\" class=\"elementor elementor-2372\" data-elementor-settings=\"{&quot;element_pack_global_tooltip_width&quot;:{&quot;unit&quot;:&quot;px&quot;,&quot;size&quot;:&quot;&quot;,&quot;sizes&quot;:[]},&quot;element_pack_global_tooltip_width_tablet&quot;:{&quot;unit&quot;:&quot;px&quot;,&quot;size&quot;:&quot;&quot;,&quot;sizes&quot;:[]},&quot;element_pack_global_tooltip_width_mobile&quot;:{&quot;unit&quot;:&quot;px&quot;,&quot;size&quot;:&quot;&quot;,&quot;sizes&quot;:[]},&quot;element_pack_global_tooltip_padding&quot;:{&quot;unit&quot;:&quot;px&quot;,&quot;top&quot;:&quot;&quot;,&quot;right&quot;:&quot;&quot;,&quot;bottom&quot;:&quot;&quot;,&quot;left&quot;:&quot;&quot;,&quot;isLinked&quot;:true},&quot;element_pack_global_tooltip_padding_tablet&quot;:{&quot;unit&quot;:&quot;px&quot;,&quot;top&quot;:&quot;&quot;,&quot;right&quot;:&quot;&quot;,&quot;bottom&quot;:&quot;&quot;,&quot;left&quot;:&quot;&quot;,&quot;isLinked&quot;:true},&quot;element_pack_global_tooltip_padding_mobile&quot;:{&quot;unit&quot;:&quot;px&quot;,&quot;top&quot;:&quot;&quot;,&quot;right&quot;:&quot;&quot;,&quot;bottom&quot;:&quot;&quot;,&quot;left&quot;:&quot;&quot;,&quot;isLinked&quot;:true},&quot;element_pack_global_tooltip_border_radius&quot;:{&quot;unit&quot;:&quot;px&quot;,&quot;top&quot;:&quot;&quot;,&quot;right&quot;:&quot;&quot;,&quot;bottom&quot;:&quot;&quot;,&quot;left&quot;:&quot;&quot;,&quot;isLinked&quot;:true},&quot;element_pack_global_tooltip_border_radius_tablet&quot;:{&quot;unit&quot;:&quot;px&quot;,&quot;top&quot;:&quot;&quot;,&quot;right&quot;:&quot;&quot;,&quot;bottom&quot;:&quot;&quot;,&quot;left&quot;:&quot;&quot;,&quot;isLinked&quot;:true},&quot;element_pack_global_tooltip_border_radius_mobile&quot;:{&quot;unit&quot;:&quot;px&quot;,&quot;top&quot;:&quot;&quot;,&quot;right&quot;:&quot;&quot;,&quot;bottom&quot;:&quot;&quot;,&quot;left&quot;:&quot;&quot;,&quot;isLinked&quot;:true}}\" data-elementor-post-type=\"page\">\n\t\t\t\t\t\t<section class=\"elementor-section elementor-top-section elementor-element elementor-element-c22bac1 elementor-section-full_width elementor-section-height-default elementor-section-height-default elementor-invisible\" data-id=\"c22bac1\" data-element_type=\"section\" data-e-type=\"section\" data-settings=\"{&quot;motion_fx_motion_fx_scrolling&quot;:&quot;yes&quot;,&quot;motion_fx_range&quot;:&quot;viewport&quot;,&quot;animation&quot;:&quot;fadeInUp&quot;,&quot;background_background&quot;:&quot;classic&quot;,&quot;motion_fx_devices&quot;:[&quot;desktop&quot;,&quot;tablet&quot;,&quot;mobile&quot;]}\">\n\t\t\t\t\t\t<div class=\"elementor-container elementor-column-gap-default\">\n\t\t\t\t\t<div class=\"elementor-column elementor-col-50 elementor-top-column elementor-element elementor-element-ea13c90\" data-id=\"ea13c90\" data-element_type=\"column\" data-e-type=\"column\">\n\t\t\t<div class=\"elementor-widget-wrap elementor-element-populated\">\n\t\t\t\t\t\t<div class=\"elementor-element elementor-element-6752567 elementor-widget elementor-widget-heading\" data-id=\"6752567\" data-element_type=\"widget\" data-e-type=\"widget\" data-widget_type=\"heading.default\">\n\t\t\t\t<div class=\"elementor-widget-container\">\n\t\t\t\t\t<h2 class=\"elementor-heading-title elementor-size-default\">Sie haben die Idee, wir planen und setzen um.<\/h2>\t\t\t\t<\/div>\n\t\t\t\t<\/div>\n\t\t\t\t<div class=\"elementor-element elementor-element-119ec38 elementor-widget elementor-widget-text-editor\" data-id=\"119ec38\" data-element_type=\"widget\" data-e-type=\"widget\" data-widget_type=\"text-editor.default\">\n\t\t\t\t<div class=\"elementor-widget-container\">\n\t\t\t\t\t\t\t\t\t<div class=\"zpRow standard \" data-row-id=\"324\"><div class=\"zpColumn odd zpColumnWidth1 c12 first last\" data-column-id=\"379\"><div class=\"zpColumnItem\"><div id=\"a1735\" class=\"articlearea zpwText\" data-article-id=\"1735\" data-zpleid=\"1735\"><p>Unsere Spezialisten planen und realisieren Gesamtanlagen von der Offert-Phase bis zur Inbetriebnahme und Zertifizierung der Anlage. Die stetige Weiterentwicklung bestehender Anlagen und Optimierungen geh\u00f6ren auch zu unserem Spezialgebiet. Durch die Zusammenarbeit verschiedensten Partner versuchen wir f\u00fcr den Kunden die optimale L\u00f6sung bereit zu stellen. Auf die Wirtschaftlichkeit der L\u00f6sung wird besonderen Wert gelegt.<\/p><\/div><\/div><\/div><\/div>\t\t\t\t\t\t\t\t<\/div>\n\t\t\t\t<\/div>\n\t\t\t\t\t<\/div>\n\t\t<\/div>\n\t\t\t\t<div data-dce-background-image-url=\"https:\/\/k-tech-gmbh.ch\/wp-content\/uploads\/2021\/10\/Bild_Engineering.jpg\" class=\"elementor-column elementor-col-50 elementor-top-column elementor-element elementor-element-103218b\" data-id=\"103218b\" data-element_type=\"column\" data-e-type=\"column\" data-settings=\"{&quot;background_background&quot;:&quot;classic&quot;}\">\n\t\t\t<div class=\"elementor-widget-wrap elementor-element-populated\">\n\t\t\t\t\t\t<div class=\"elementor-element elementor-element-927a6cb elementor-widget elementor-widget-spacer\" data-id=\"927a6cb\" data-element_type=\"widget\" data-e-type=\"widget\" data-widget_type=\"spacer.default\">\n\t\t\t\t<div class=\"elementor-widget-container\">\n\t\t\t\t\t\t\t<div class=\"elementor-spacer\">\n\t\t\t<div class=\"elementor-spacer-inner\"><\/div>\n\t\t<\/div>\n\t\t\t\t\t\t<\/div>\n\t\t\t\t<\/div>\n\t\t\t\t\t<\/div>\n\t\t<\/div>\n\t\t\t\t\t<\/div>\n\t\t<\/section>\n\t\t\t\t<section class=\"elementor-section elementor-top-section elementor-element elementor-element-f67a493 elementor-section-full_width elementor-section-height-default elementor-section-height-default elementor-invisible\" data-id=\"f67a493\" data-element_type=\"section\" data-e-type=\"section\" data-settings=\"{&quot;motion_fx_motion_fx_scrolling&quot;:&quot;yes&quot;,&quot;motion_fx_range&quot;:&quot;viewport&quot;,&quot;animation&quot;:&quot;fadeInUp&quot;,&quot;background_background&quot;:&quot;classic&quot;,&quot;motion_fx_devices&quot;:[&quot;desktop&quot;,&quot;tablet&quot;,&quot;mobile&quot;]}\">\n\t\t\t\t\t\t<div class=\"elementor-container elementor-column-gap-default\">\n\t\t\t\t\t<div data-dce-background-image-url=\"https:\/\/k-tech-gmbh.ch\/wp-content\/uploads\/2022\/01\/Engineering-Tankzeichnung.jpg\" class=\"elementor-column elementor-col-50 elementor-top-column elementor-element elementor-element-07d3384 elementor-hidden-mobile\" data-id=\"07d3384\" data-element_type=\"column\" data-e-type=\"column\" data-settings=\"{&quot;background_background&quot;:&quot;classic&quot;}\">\n\t\t\t<div class=\"elementor-widget-wrap elementor-element-populated\">\n\t\t\t\t\t\t<div class=\"elementor-element elementor-element-bb4c93e elementor-widget elementor-widget-spacer\" data-id=\"bb4c93e\" data-element_type=\"widget\" data-e-type=\"widget\" data-widget_type=\"spacer.default\">\n\t\t\t\t<div class=\"elementor-widget-container\">\n\t\t\t\t\t\t\t<div class=\"elementor-spacer\">\n\t\t\t<div class=\"elementor-spacer-inner\"><\/div>\n\t\t<\/div>\n\t\t\t\t\t\t<\/div>\n\t\t\t\t<\/div>\n\t\t\t\t\t<\/div>\n\t\t<\/div>\n\t\t\t\t<div class=\"elementor-column elementor-col-50 elementor-top-column elementor-element elementor-element-7bf175b\" data-id=\"7bf175b\" data-element_type=\"column\" data-e-type=\"column\">\n\t\t\t<div class=\"elementor-widget-wrap elementor-element-populated\">\n\t\t\t\t\t\t<div class=\"elementor-element elementor-element-25cb806 elementor-widget elementor-widget-text-editor\" data-id=\"25cb806\" data-element_type=\"widget\" data-e-type=\"widget\" data-widget_type=\"text-editor.default\">\n\t\t\t\t<div class=\"elementor-widget-container\">\n\t\t\t\t\t\t\t\t\t<p><strong>Zu unseren Engineering L\u00f6sungen geh\u00f6ren:\u00a0<\/strong><\/p>\t\t\t\t\t\t\t\t<\/div>\n\t\t\t\t<\/div>\n\t\t\t\t<div class=\"elementor-element elementor-element-a988735 elementor-icon-list--layout-traditional elementor-list-item-link-full_width elementor-widget elementor-widget-icon-list\" data-id=\"a988735\" data-element_type=\"widget\" data-e-type=\"widget\" data-widget_type=\"icon-list.default\">\n\t\t\t\t<div class=\"elementor-widget-container\">\n\t\t\t\t\t\t\t<ul class=\"elementor-icon-list-items\">\n\t\t\t\t\t\t\t<li class=\"elementor-icon-list-item\">\n\t\t\t\t\t\t\t\t\t\t\t<span class=\"elementor-icon-list-icon\">\n\t\t\t\t\t\t\t<i aria-hidden=\"true\" class=\"fas fa-arrow-right\"><\/i>\t\t\t\t\t\t<\/span>\n\t\t\t\t\t\t\t\t\t\t<span class=\"elementor-icon-list-text\">Layout, Aufstellungspl\u00e4ne<\/span>\n\t\t\t\t\t\t\t\t\t<\/li>\n\t\t\t\t\t\t\t\t<li class=\"elementor-icon-list-item\">\n\t\t\t\t\t\t\t\t\t\t\t<span class=\"elementor-icon-list-icon\">\n\t\t\t\t\t\t\t<i aria-hidden=\"true\" class=\"fas fa-arrow-right\"><\/i>\t\t\t\t\t\t<\/span>\n\t\t\t\t\t\t\t\t\t\t<span class=\"elementor-icon-list-text\">P&amp;I Diagramme<\/span>\n\t\t\t\t\t\t\t\t\t<\/li>\n\t\t\t\t\t\t\t\t<li class=\"elementor-icon-list-item\">\n\t\t\t\t\t\t\t\t\t\t\t<span class=\"elementor-icon-list-icon\">\n\t\t\t\t\t\t\t<i aria-hidden=\"true\" class=\"fas fa-arrow-right\"><\/i>\t\t\t\t\t\t<\/span>\n\t\t\t\t\t\t\t\t\t\t<span class=\"elementor-icon-list-text\">Isometriepl\u00e4ne, Verrohrungspl\u00e4ne<\/span>\n\t\t\t\t\t\t\t\t\t<\/li>\n\t\t\t\t\t\t\t\t<li class=\"elementor-icon-list-item\">\n\t\t\t\t\t\t\t\t\t\t\t<span class=\"elementor-icon-list-icon\">\n\t\t\t\t\t\t\t<i aria-hidden=\"true\" class=\"fas fa-arrow-right\"><\/i>\t\t\t\t\t\t<\/span>\n\t\t\t\t\t\t\t\t\t\t<span class=\"elementor-icon-list-text\">Materiallisten, Ersatzteillisten<\/span>\n\t\t\t\t\t\t\t\t\t<\/li>\n\t\t\t\t\t\t\t\t<li class=\"elementor-icon-list-item\">\n\t\t\t\t\t\t\t\t\t\t\t<span class=\"elementor-icon-list-icon\">\n\t\t\t\t\t\t\t<i aria-hidden=\"true\" class=\"fas fa-arrow-right\"><\/i>\t\t\t\t\t\t<\/span>\n\t\t\t\t\t\t\t\t\t\t<span class=\"elementor-icon-list-text\">Kalkulationen verschiedenster Art<\/span>\n\t\t\t\t\t\t\t\t\t<\/li>\n\t\t\t\t\t\t\t\t<li class=\"elementor-icon-list-item\">\n\t\t\t\t\t\t\t\t\t\t\t<span class=\"elementor-icon-list-icon\">\n\t\t\t\t\t\t\t<i aria-hidden=\"true\" class=\"fas fa-arrow-right\"><\/i>\t\t\t\t\t\t<\/span>\n\t\t\t\t\t\t\t\t\t\t<span class=\"elementor-icon-list-text\">Terminpl\u00e4ne<\/span>\n\t\t\t\t\t\t\t\t\t<\/li>\n\t\t\t\t\t\t\t\t<li class=\"elementor-icon-list-item\">\n\t\t\t\t\t\t\t\t\t\t\t<span class=\"elementor-icon-list-icon\">\n\t\t\t\t\t\t\t<i aria-hidden=\"true\" class=\"fas fa-arrow-right\"><\/i>\t\t\t\t\t\t<\/span>\n\t\t\t\t\t\t\t\t\t\t<span class=\"elementor-icon-list-text\">Konstruktionszeichnungen in 2D und 3D<\/span>\n\t\t\t\t\t\t\t\t\t<\/li>\n\t\t\t\t\t\t\t\t<li class=\"elementor-icon-list-item\">\n\t\t\t\t\t\t\t\t\t\t\t<span class=\"elementor-icon-list-icon\">\n\t\t\t\t\t\t\t<i aria-hidden=\"true\" class=\"fas fa-arrow-right\"><\/i>\t\t\t\t\t\t<\/span>\n\t\t\t\t\t\t\t\t\t\t<span class=\"elementor-icon-list-text\">Betriebs- und Wartungsanleitungen<\/span>\n\t\t\t\t\t\t\t\t\t<\/li>\n\t\t\t\t\t\t<\/ul>\n\t\t\t\t\t\t<\/div>\n\t\t\t\t<\/div>\n\t\t\t\t\t<\/div>\n\t\t<\/div>\n\t\t\t\t\t<\/div>\n\t\t<\/section>\n\t\t\t\t<section class=\"elementor-section elementor-top-section elementor-element elementor-element-f63fd79 elementor-section-full_width elementor-reverse-mobile elementor-section-height-default elementor-section-height-default elementor-invisible\" data-id=\"f63fd79\" data-element_type=\"section\" data-e-type=\"section\" data-settings=\"{&quot;motion_fx_motion_fx_scrolling&quot;:&quot;yes&quot;,&quot;motion_fx_range&quot;:&quot;viewport&quot;,&quot;animation&quot;:&quot;fadeInUp&quot;,&quot;background_background&quot;:&quot;classic&quot;,&quot;motion_fx_devices&quot;:[&quot;desktop&quot;,&quot;tablet&quot;,&quot;mobile&quot;]}\">\n\t\t\t\t\t\t<div class=\"elementor-container elementor-column-gap-default\">\n\t\t\t\t\t<div class=\"elementor-column elementor-col-50 elementor-top-column elementor-element elementor-element-42cb7d4\" data-id=\"42cb7d4\" data-element_type=\"column\" data-e-type=\"column\">\n\t\t\t<div class=\"elementor-widget-wrap elementor-element-populated\">\n\t\t\t\t\t\t<div class=\"elementor-element elementor-element-f6d5d8a elementor-widget__width-initial dce_masking-none elementor-widget elementor-widget-image\" data-id=\"f6d5d8a\" data-element_type=\"widget\" data-e-type=\"widget\" data-widget_type=\"image.default\">\n\t\t\t\t<div class=\"elementor-widget-container\">\n\t\t\t\t\t\t\t\t\t\t\t\t\t\t\t<img decoding=\"async\" width=\"150\" height=\"150\" src=\"https:\/\/k-tech-gmbh.ch\/wp-content\/uploads\/2021\/10\/Arrow-Alt-Circle-Right_bluedark-e1635408474723-150x150.png\" class=\"attachment-thumbnail size-thumbnail wp-image-2509\" alt=\"\" srcset=\"https:\/\/k-tech-gmbh.ch\/wp-content\/uploads\/2021\/10\/Arrow-Alt-Circle-Right_bluedark-e1635408474723-150x150.png 150w, https:\/\/k-tech-gmbh.ch\/wp-content\/uploads\/2021\/10\/Arrow-Alt-Circle-Right_bluedark-e1635408474723.png 276w\" sizes=\"(max-width: 150px) 100vw, 150px\" \/>\t\t\t\t\t\t\t\t\t\t\t\t\t\t\t<\/div>\n\t\t\t\t<\/div>\n\t\t\t\t<div class=\"elementor-element elementor-element-baf4544 elementor-widget__width-initial border-1 elementor-widget elementor-widget-parent-child-menu\" data-id=\"baf4544\" data-element_type=\"widget\" data-e-type=\"widget\" data-widget_type=\"parent-child-menu.default\">\n\t\t\t\t<div class=\"elementor-widget-container\">\n\t\t\t\t\t<nav class=\"dce-menu vertical\"><ul class=\"first-level\"><li class=\"item-2372\"><a href=\"https:\/\/k-tech-gmbh.ch\/en\/anlagenbau\/engineering\/\" class=\"active\">Engineering<\/a><\/li><li class=\"item-2406\"><a href=\"https:\/\/k-tech-gmbh.ch\/en\/anlagenbau\/konstruktion\/\">Konstruktion<\/a><\/li><li class=\"item-2408\"><a href=\"https:\/\/k-tech-gmbh.ch\/en\/anlagenbau\/fertigung-montage\/\">Fertigung und Montage<\/a><ul class=\"second-level\"><li class=\"item-2410\"><a href=\"https:\/\/k-tech-gmbh.ch\/en\/anlagenbau\/fertigung-montage\/schweissarbeiten\/\">Schweissarbeiten<\/a><\/li><li class=\"item-2444\"><a href=\"https:\/\/k-tech-gmbh.ch\/en\/anlagenbau\/fertigung-montage\/rohrleitungsbau\/\">Rohrleitungsbau<\/a><\/li><li class=\"item-2415\"><a href=\"https:\/\/k-tech-gmbh.ch\/en\/anlagenbau\/fertigung-montage\/anlagenbau\/\">Anlagenbau<\/a><\/li><\/ul><\/li><\/ul><\/nav>\t\t\t\t<\/div>\n\t\t\t\t<\/div>\n\t\t\t\t\t<\/div>\n\t\t<\/div>\n\t\t\t\t<div data-dce-background-image-url=\"https:\/\/k-tech-gmbh.ch\/wp-content\/uploads\/2021\/11\/wasserstrahlschneiden-by-k-tech.jpg\" class=\"elementor-column elementor-col-50 elementor-top-column elementor-element elementor-element-91eb6aa\" data-id=\"91eb6aa\" data-element_type=\"column\" data-e-type=\"column\" data-settings=\"{&quot;background_background&quot;:&quot;classic&quot;}\">\n\t\t\t<div class=\"elementor-widget-wrap elementor-element-populated\">\n\t\t\t\t\t\t<div class=\"elementor-element elementor-element-2c913ce elementor-widget elementor-widget-spacer\" data-id=\"2c913ce\" data-element_type=\"widget\" data-e-type=\"widget\" data-widget_type=\"spacer.default\">\n\t\t\t\t<div class=\"elementor-widget-container\">\n\t\t\t\t\t\t\t<div class=\"elementor-spacer\">\n\t\t\t<div class=\"elementor-spacer-inner\"><\/div>\n\t\t<\/div>\n\t\t\t\t\t\t<\/div>\n\t\t\t\t<\/div>\n\t\t\t\t\t<\/div>\n\t\t<\/div>\n\t\t\t\t\t<\/div>\n\t\t<\/section>\n\t\t\t\t<\/div>\n\t\t","protected":false},"excerpt":{"rendered":"<p>Plan\u00adning and rea\u00adlizati\u00adon of com\u00adple\u00adte plants<\/p>","protected":false},"author":1,"featured_media":0,"parent":2083,"menu_order":1,"comment_status":"closed","ping_status":"closed","template":"","meta":{"wp_typography_post_enhancements_disabled":false,"footnotes":""},"class_list":["post-2372","page","type-page","status-publish","hentry"],"yoast_head":"<!-- This site is optimized with the Yoast SEO plugin v27.4 - https:\/\/yoast.com\/product\/yoast-seo-wordpress\/ -->\n<title>Lebensmittelindustrie- Anlagenbau<\/title>\n<meta name=\"description\" content=\"Unsere Spezialisten planen und realisieren Gesamtanlagen von der Offert-Phase bis zur Inbetriebnahme und Zertifizierung der Anlage.\" \/>\n<meta name=\"robots\" content=\"index, follow, max-snippet:-1, max-image-preview:large, max-video-preview:-1\" \/>\n<link rel=\"canonical\" href=\"https:\/\/k-tech-gmbh.ch\/en\/anlagenbau\/engineering\/\" \/>\n<meta property=\"og:locale\" content=\"en_US\" \/>\n<meta property=\"og:type\" content=\"article\" \/>\n<meta property=\"og:title\" content=\"Lebensmittelindustrie- Anlagenbau\" \/>\n<meta property=\"og:description\" content=\"Unsere Spezialisten planen und realisieren Gesamtanlagen von der Offert-Phase bis zur Inbetriebnahme und Zertifizierung der Anlage.\" \/>\n<meta property=\"og:url\" content=\"https:\/\/k-tech-gmbh.ch\/en\/anlagenbau\/engineering\/\" \/>\n<meta property=\"og:site_name\" content=\"K-Tech GmbH | Anlagenbau f\u00fcr die Lebensmittel Pharma und Chemie Industrie\" \/>\n<meta property=\"article:publisher\" content=\"https:\/\/www.facebook.com\/k.tech.gmbh\" \/>\n<meta property=\"article:modified_time\" content=\"2022-02-07T06:49:44+00:00\" \/>\n<meta property=\"og:image\" content=\"https:\/\/k-tech-gmbh.ch\/wp-content\/uploads\/2021\/10\/Arrow-Alt-Circle-Right_bluedark-e1635408474723.png\" \/>\n\t<meta property=\"og:image:width\" content=\"276\" \/>\n\t<meta property=\"og:image:height\" content=\"276\" \/>\n\t<meta property=\"og:image:type\" content=\"image\/png\" \/>\n<meta name=\"twitter:card\" content=\"summary_large_image\" \/>\n<meta name=\"twitter:label1\" content=\"Est. reading time\" \/>\n\t<meta name=\"twitter:data1\" content=\"1 minute\" \/>\n<script type=\"application\/ld+json\" class=\"yoast-schema-graph\">{\"@context\":\"https:\\\/\\\/schema.org\",\"@graph\":[{\"@type\":\"WebPage\",\"@id\":\"https:\\\/\\\/k-tech-gmbh.ch\\\/anlagenbau\\\/engineering\\\/\",\"url\":\"https:\\\/\\\/k-tech-gmbh.ch\\\/anlagenbau\\\/engineering\\\/\",\"name\":\"Lebensmittelindustrie- Anlagenbau\",\"isPartOf\":{\"@id\":\"https:\\\/\\\/k-tech-gmbh.ch\\\/#website\"},\"primaryImageOfPage\":{\"@id\":\"https:\\\/\\\/k-tech-gmbh.ch\\\/anlagenbau\\\/engineering\\\/#primaryimage\"},\"image\":{\"@id\":\"https:\\\/\\\/k-tech-gmbh.ch\\\/anlagenbau\\\/engineering\\\/#primaryimage\"},\"thumbnailUrl\":\"https:\\\/\\\/k-tech-gmbh.ch\\\/wp-content\\\/uploads\\\/2021\\\/10\\\/Arrow-Alt-Circle-Right_bluedark-e1635408474723-150x150.png\",\"datePublished\":\"2021-10-28T07:05:26+00:00\",\"dateModified\":\"2022-02-07T06:49:44+00:00\",\"description\":\"Unsere Spezialisten planen und realisieren Gesamtanlagen von der Offert-Phase bis zur Inbetriebnahme und Zertifizierung der Anlage.\",\"breadcrumb\":{\"@id\":\"https:\\\/\\\/k-tech-gmbh.ch\\\/anlagenbau\\\/engineering\\\/#breadcrumb\"},\"inLanguage\":\"en-US\",\"potentialAction\":[{\"@type\":\"ReadAction\",\"target\":[\"https:\\\/\\\/k-tech-gmbh.ch\\\/anlagenbau\\\/engineering\\\/\"]}]},{\"@type\":\"ImageObject\",\"inLanguage\":\"en-US\",\"@id\":\"https:\\\/\\\/k-tech-gmbh.ch\\\/anlagenbau\\\/engineering\\\/#primaryimage\",\"url\":\"https:\\\/\\\/k-tech-gmbh.ch\\\/wp-content\\\/uploads\\\/2021\\\/10\\\/Arrow-Alt-Circle-Right_bluedark-e1635408474723-150x150.png\",\"contentUrl\":\"https:\\\/\\\/k-tech-gmbh.ch\\\/wp-content\\\/uploads\\\/2021\\\/10\\\/Arrow-Alt-Circle-Right_bluedark-e1635408474723-150x150.png\"},{\"@type\":\"BreadcrumbList\",\"@id\":\"https:\\\/\\\/k-tech-gmbh.ch\\\/anlagenbau\\\/engineering\\\/#breadcrumb\",\"itemListElement\":[{\"@type\":\"ListItem\",\"position\":1,\"name\":\"Startseite\",\"item\":\"https:\\\/\\\/k-tech-gmbh.ch\\\/\"},{\"@type\":\"ListItem\",\"position\":2,\"name\":\"Leistungen\",\"item\":\"https:\\\/\\\/k-tech-gmbh.ch\\\/anlagenbau\\\/\"},{\"@type\":\"ListItem\",\"position\":3,\"name\":\"Engineering\"}]},{\"@type\":\"WebSite\",\"@id\":\"https:\\\/\\\/k-tech-gmbh.ch\\\/#website\",\"url\":\"https:\\\/\\\/k-tech-gmbh.ch\\\/\",\"name\":\"K-Tech GmbH | Anlagenbau f\u00fcr die Lebensmittel Pharma und Chemie Industrie\",\"description\":\"Anlagenbau nach Mass\",\"publisher\":{\"@id\":\"https:\\\/\\\/k-tech-gmbh.ch\\\/#organization\"},\"potentialAction\":[{\"@type\":\"SearchAction\",\"target\":{\"@type\":\"EntryPoint\",\"urlTemplate\":\"https:\\\/\\\/k-tech-gmbh.ch\\\/?s={search_term_string}\"},\"query-input\":{\"@type\":\"PropertyValueSpecification\",\"valueRequired\":true,\"valueName\":\"search_term_string\"}}],\"inLanguage\":\"en-US\"},{\"@type\":\"Organization\",\"@id\":\"https:\\\/\\\/k-tech-gmbh.ch\\\/#organization\",\"name\":\"Anlagenbau K-Tech GmbH\",\"url\":\"https:\\\/\\\/k-tech-gmbh.ch\\\/\",\"logo\":{\"@type\":\"ImageObject\",\"inLanguage\":\"en-US\",\"@id\":\"https:\\\/\\\/k-tech-gmbh.ch\\\/#\\\/schema\\\/logo\\\/image\\\/\",\"url\":\"https:\\\/\\\/k-tech-gmbh.ch\\\/wp-content\\\/uploads\\\/2021\\\/09\\\/cropped-Icon_k-tech_gross.png\",\"contentUrl\":\"https:\\\/\\\/k-tech-gmbh.ch\\\/wp-content\\\/uploads\\\/2021\\\/09\\\/cropped-Icon_k-tech_gross.png\",\"width\":512,\"height\":512,\"caption\":\"Anlagenbau K-Tech GmbH\"},\"image\":{\"@id\":\"https:\\\/\\\/k-tech-gmbh.ch\\\/#\\\/schema\\\/logo\\\/image\\\/\"},\"sameAs\":[\"https:\\\/\\\/www.facebook.com\\\/k.tech.gmbh\"]}]}<\/script>\n<!-- \/ Yoast SEO plugin. -->","yoast_head_json":{"title":"Lebens\u00admit\u00adtel\u00adin\u00addu\u00adstrie- Anlagenbau","description":"Unse\u00adre Spe\u00adzia\u00adli\u00adsten pla\u00adnen und rea\u00adli\u00adsie\u00adren Gesamt\u00adan\u00adla\u00adgen von der Offert-Pha\u00adse bis zur Inbe\u00adtrieb\u00adnah\u00adme und Zer\u00adti\u00adfi\u00adzie\u00adrung der Anlage.","robots":{"index":"index","follow":"follow","max-snippet":"max-snippet:-1","max-image-preview":"max-image-preview:large","max-video-preview":"max-video-preview:-1"},"canonical":"https:\/\/k-tech-gmbh.ch\/en\/anlagenbau\/engineering\/","og_locale":"en_US","og_type":"article","og_title":"Lebensmittelindustrie- Anlagenbau","og_description":"Unsere Spezialisten planen und realisieren Gesamtanlagen von der Offert-Phase bis zur Inbetriebnahme und Zertifizierung der Anlage.","og_url":"https:\/\/k-tech-gmbh.ch\/en\/anlagenbau\/engineering\/","og_site_name":"K-Tech GmbH | Anlagenbau f\u00fcr die Lebensmittel Pharma und Chemie Industrie","article_publisher":"https:\/\/www.facebook.com\/k.tech.gmbh","article_modified_time":"2022-02-07T06:49:44+00:00","og_image":[{"width":276,"height":276,"url":"https:\/\/k-tech-gmbh.ch\/wp-content\/uploads\/2021\/10\/Arrow-Alt-Circle-Right_bluedark-e1635408474723.png","type":"image\/png"}],"twitter_card":"summary_large_image","twitter_misc":{"Est. reading time":"1 minute"},"schema":{"@context":"https:\/\/schema.org","@graph":[{"@type":"WebPage","@id":"https:\/\/k-tech-gmbh.ch\/anlagenbau\/engineering\/","url":"https:\/\/k-tech-gmbh.ch\/anlagenbau\/engineering\/","name":"Lebens\u00admit\u00adtel\u00adin\u00addu\u00adstrie- Anlagenbau","isPartOf":{"@id":"https:\/\/k-tech-gmbh.ch\/#website"},"primaryImageOfPage":{"@id":"https:\/\/k-tech-gmbh.ch\/anlagenbau\/engineering\/#primaryimage"},"image":{"@id":"https:\/\/k-tech-gmbh.ch\/anlagenbau\/engineering\/#primaryimage"},"thumbnailUrl":"https:\/\/k-tech-gmbh.ch\/wp-content\/uploads\/2021\/10\/Arrow-Alt-Circle-Right_bluedark-e1635408474723-150x150.png","datePublished":"2021-10-28T07:05:26+00:00","dateModified":"2022-02-07T06:49:44+00:00","description":"Unse\u00adre Spe\u00adzia\u00adli\u00adsten pla\u00adnen und rea\u00adli\u00adsie\u00adren Gesamt\u00adan\u00adla\u00adgen von der Offert-Pha\u00adse bis zur Inbe\u00adtrieb\u00adnah\u00adme und Zer\u00adti\u00adfi\u00adzie\u00adrung der Anlage.","breadcrumb":{"@id":"https:\/\/k-tech-gmbh.ch\/anlagenbau\/engineering\/#breadcrumb"},"inLanguage":"en-US","potentialAction":[{"@type":"ReadAction","target":["https:\/\/k-tech-gmbh.ch\/anlagenbau\/engineering\/"]}]},{"@type":"ImageObject","inLanguage":"en-US","@id":"https:\/\/k-tech-gmbh.ch\/anlagenbau\/engineering\/#primaryimage","url":"https:\/\/k-tech-gmbh.ch\/wp-content\/uploads\/2021\/10\/Arrow-Alt-Circle-Right_bluedark-e1635408474723-150x150.png","contentUrl":"https:\/\/k-tech-gmbh.ch\/wp-content\/uploads\/2021\/10\/Arrow-Alt-Circle-Right_bluedark-e1635408474723-150x150.png"},{"@type":"BreadcrumbList","@id":"https:\/\/k-tech-gmbh.ch\/anlagenbau\/engineering\/#breadcrumb","itemListElement":[{"@type":"ListItem","position":1,"name":"Startseite","item":"https:\/\/k-tech-gmbh.ch\/"},{"@type":"ListItem","position":2,"name":"Leistungen","item":"https:\/\/k-tech-gmbh.ch\/anlagenbau\/"},{"@type":"ListItem","position":3,"name":"Engineering"}]},{"@type":"WebSite","@id":"https:\/\/k-tech-gmbh.ch\/#website","url":"https:\/\/k-tech-gmbh.ch\/","name":"K\u2011Tech GmbH | Anla\u00adgen\u00adbau f\u00fcr die Lebens\u00admit\u00adtel Phar\u00adma und Che\u00admie Industrie","description":"Anla\u00adgen\u00adbau nach&nbsp;Mass","publisher":{"@id":"https:\/\/k-tech-gmbh.ch\/#organization"},"potentialAction":[{"@type":"SearchAction","target":{"@type":"EntryPoint","urlTemplate":"https:\/\/k-tech-gmbh.ch\/?s={search_term_string}"},"query-input":{"@type":"PropertyValueSpecification","valueRequired":true,"valueName":"search_term_string"}}],"inLanguage":"en-US"},{"@type":"Organization","@id":"https:\/\/k-tech-gmbh.ch\/#organization","name":"Anla\u00adgen\u00adbau K\u2011Tech GmbH","url":"https:\/\/k-tech-gmbh.ch\/","logo":{"@type":"ImageObject","inLanguage":"en-US","@id":"https:\/\/k-tech-gmbh.ch\/#\/schema\/logo\/image\/","url":"https:\/\/k-tech-gmbh.ch\/wp-content\/uploads\/2021\/09\/cropped-Icon_k-tech_gross.png","contentUrl":"https:\/\/k-tech-gmbh.ch\/wp-content\/uploads\/2021\/09\/cropped-Icon_k-tech_gross.png","width":512,"height":512,"caption":"Anlagenbau K-Tech GmbH"},"image":{"@id":"https:\/\/k-tech-gmbh.ch\/#\/schema\/logo\/image\/"},"sameAs":["https:\/\/www.facebook.com\/k.tech.gmbh"]}]}},"_links":{"self":[{"href":"https:\/\/k-tech-gmbh.ch\/en\/wp-json\/wp\/v2\/pages\/2372","targetHints":{"allow":["GET"]}}],"collection":[{"href":"https:\/\/k-tech-gmbh.ch\/en\/wp-json\/wp\/v2\/pages"}],"about":[{"href":"https:\/\/k-tech-gmbh.ch\/en\/wp-json\/wp\/v2\/types\/page"}],"author":[{"embeddable":true,"href":"https:\/\/k-tech-gmbh.ch\/en\/wp-json\/wp\/v2\/users\/1"}],"replies":[{"embeddable":true,"href":"https:\/\/k-tech-gmbh.ch\/en\/wp-json\/wp\/v2\/comments?post=2372"}],"version-history":[{"count":0,"href":"https:\/\/k-tech-gmbh.ch\/en\/wp-json\/wp\/v2\/pages\/2372\/revisions"}],"up":[{"embeddable":true,"href":"https:\/\/k-tech-gmbh.ch\/en\/wp-json\/wp\/v2\/pages\/2083"}],"wp:attachment":[{"href":"https:\/\/k-tech-gmbh.ch\/en\/wp-json\/wp\/v2\/media?parent=2372"}],"curies":[{"name":"wp","href":"https:\/\/api.w.org\/{rel}","templated":true}]}}