{"id":2408,"date":"2021-10-28T07:26:06","date_gmt":"2021-10-28T07:26:06","guid":{"rendered":"https:\/\/fittinge.ch\/wp-ktech\/?page_id=2408"},"modified":"2025-07-08T05:21:12","modified_gmt":"2025-07-08T05:21:12","slug":"fertigung-montage","status":"publish","type":"page","link":"https:\/\/k-tech-gmbh.ch\/en\/anlagenbau\/fertigung-montage\/","title":{"rendered":"Manu\u00adfac\u00adtu\u00adring and assembly"},"content":{"rendered":"\t\t<div data-elementor-type=\"wp-page\" data-elementor-id=\"2408\" class=\"elementor elementor-2408\" data-elementor-settings=\"{&quot;element_pack_global_tooltip_width&quot;:{&quot;unit&quot;:&quot;px&quot;,&quot;size&quot;:&quot;&quot;,&quot;sizes&quot;:[]},&quot;element_pack_global_tooltip_width_tablet&quot;:{&quot;unit&quot;:&quot;px&quot;,&quot;size&quot;:&quot;&quot;,&quot;sizes&quot;:[]},&quot;element_pack_global_tooltip_width_mobile&quot;:{&quot;unit&quot;:&quot;px&quot;,&quot;size&quot;:&quot;&quot;,&quot;sizes&quot;:[]},&quot;element_pack_global_tooltip_padding&quot;:{&quot;unit&quot;:&quot;px&quot;,&quot;top&quot;:&quot;&quot;,&quot;right&quot;:&quot;&quot;,&quot;bottom&quot;:&quot;&quot;,&quot;left&quot;:&quot;&quot;,&quot;isLinked&quot;:true},&quot;element_pack_global_tooltip_padding_tablet&quot;:{&quot;unit&quot;:&quot;px&quot;,&quot;top&quot;:&quot;&quot;,&quot;right&quot;:&quot;&quot;,&quot;bottom&quot;:&quot;&quot;,&quot;left&quot;:&quot;&quot;,&quot;isLinked&quot;:true},&quot;element_pack_global_tooltip_padding_mobile&quot;:{&quot;unit&quot;:&quot;px&quot;,&quot;top&quot;:&quot;&quot;,&quot;right&quot;:&quot;&quot;,&quot;bottom&quot;:&quot;&quot;,&quot;left&quot;:&quot;&quot;,&quot;isLinked&quot;:true},&quot;element_pack_global_tooltip_border_radius&quot;:{&quot;unit&quot;:&quot;px&quot;,&quot;top&quot;:&quot;&quot;,&quot;right&quot;:&quot;&quot;,&quot;bottom&quot;:&quot;&quot;,&quot;left&quot;:&quot;&quot;,&quot;isLinked&quot;:true},&quot;element_pack_global_tooltip_border_radius_tablet&quot;:{&quot;unit&quot;:&quot;px&quot;,&quot;top&quot;:&quot;&quot;,&quot;right&quot;:&quot;&quot;,&quot;bottom&quot;:&quot;&quot;,&quot;left&quot;:&quot;&quot;,&quot;isLinked&quot;:true},&quot;element_pack_global_tooltip_border_radius_mobile&quot;:{&quot;unit&quot;:&quot;px&quot;,&quot;top&quot;:&quot;&quot;,&quot;right&quot;:&quot;&quot;,&quot;bottom&quot;:&quot;&quot;,&quot;left&quot;:&quot;&quot;,&quot;isLinked&quot;:true}}\" data-elementor-post-type=\"page\">\n\t\t\t\t\t\t<section class=\"elementor-section elementor-top-section elementor-element elementor-element-334cabd elementor-section-full_width elementor-reverse-mobile elementor-section-height-default elementor-section-height-default elementor-invisible\" data-id=\"334cabd\" data-element_type=\"section\" data-e-type=\"section\" data-settings=\"{&quot;motion_fx_motion_fx_scrolling&quot;:&quot;yes&quot;,&quot;motion_fx_range&quot;:&quot;viewport&quot;,&quot;animation&quot;:&quot;fadeInUp&quot;,&quot;background_background&quot;:&quot;classic&quot;,&quot;motion_fx_devices&quot;:[&quot;desktop&quot;,&quot;tablet&quot;,&quot;mobile&quot;]}\">\n\t\t\t\t\t\t<div class=\"elementor-container elementor-column-gap-default\">\n\t\t\t\t\t<div class=\"elementor-column elementor-col-50 elementor-top-column elementor-element elementor-element-f1406d4\" data-id=\"f1406d4\" data-element_type=\"column\" data-e-type=\"column\">\n\t\t\t<div class=\"elementor-widget-wrap elementor-element-populated\">\n\t\t\t\t\t\t<div class=\"elementor-element elementor-element-011e111 elementor-widget elementor-widget-heading\" data-id=\"011e111\" data-element_type=\"widget\" data-e-type=\"widget\" data-widget_type=\"heading.default\">\n\t\t\t\t<div class=\"elementor-widget-container\">\n\t\t\t\t\t<h2 class=\"elementor-heading-title elementor-size-default\">Fertigung<\/h2>\t\t\t\t<\/div>\n\t\t\t\t<\/div>\n\t\t\t\t<div class=\"elementor-element elementor-element-55767d3 elementor-widget elementor-widget-text-editor\" data-id=\"55767d3\" data-element_type=\"widget\" data-e-type=\"widget\" data-widget_type=\"text-editor.default\">\n\t\t\t\t<div class=\"elementor-widget-container\">\n\t\t\t\t\t\t\t\t\t<div data-row-id=\"324\"><div data-column-id=\"379\"><div><div data-article-id=\"1735\" data-zpleid=\"1735\"><p>Der Einsatz neuster Technologie erm\u00f6glicht uns auch komplexe Fertigungen selbst\u00e4ndig auszuf\u00fchren. Wir halten unsere Werkstatt auf dem neusten Stand der Technik und schulen das Personal Zeitnahe.<\/p><p>Zertifizierungen sind f\u00fcr uns selbstverst\u00e4ndlich wie auch das Arbeiten nach Sicherheitsvorschriften.<\/p><\/div><\/div><\/div><\/div>\t\t\t\t\t\t\t\t<\/div>\n\t\t\t\t<\/div>\n\t\t\t\t\t<\/div>\n\t\t<\/div>\n\t\t\t\t<div data-dce-background-image-url=\"https:\/\/k-tech-gmbh.ch\/wp-content\/uploads\/2021\/10\/fertigung_01.jpg\" class=\"elementor-column elementor-col-50 elementor-top-column elementor-element elementor-element-1e01d19\" data-id=\"1e01d19\" data-element_type=\"column\" data-e-type=\"column\" data-settings=\"{&quot;background_background&quot;:&quot;classic&quot;}\">\n\t\t\t<div class=\"elementor-widget-wrap elementor-element-populated\">\n\t\t\t\t\t\t<div class=\"elementor-element elementor-element-4424f0d elementor-widget elementor-widget-spacer\" data-id=\"4424f0d\" data-element_type=\"widget\" data-e-type=\"widget\" data-widget_type=\"spacer.default\">\n\t\t\t\t<div class=\"elementor-widget-container\">\n\t\t\t\t\t\t\t<div class=\"elementor-spacer\">\n\t\t\t<div class=\"elementor-spacer-inner\"><\/div>\n\t\t<\/div>\n\t\t\t\t\t\t<\/div>\n\t\t\t\t<\/div>\n\t\t\t\t\t<\/div>\n\t\t<\/div>\n\t\t\t\t\t<\/div>\n\t\t<\/section>\n\t\t\t\t<section class=\"elementor-section elementor-top-section elementor-element elementor-element-35ea730 elementor-section-full_width elementor-section-height-default elementor-section-height-default elementor-invisible\" data-id=\"35ea730\" data-element_type=\"section\" data-e-type=\"section\" data-settings=\"{&quot;motion_fx_motion_fx_scrolling&quot;:&quot;yes&quot;,&quot;motion_fx_range&quot;:&quot;viewport&quot;,&quot;animation&quot;:&quot;fadeInUp&quot;,&quot;background_background&quot;:&quot;classic&quot;,&quot;motion_fx_devices&quot;:[&quot;desktop&quot;,&quot;tablet&quot;,&quot;mobile&quot;]}\">\n\t\t\t\t\t\t<div class=\"elementor-container elementor-column-gap-default\">\n\t\t\t\t\t<div data-dce-background-image-url=\"https:\/\/k-tech-gmbh.ch\/wp-content\/uploads\/2021\/10\/montage_01.jpg\" class=\"elementor-column elementor-col-50 elementor-top-column elementor-element elementor-element-afc79f6\" data-id=\"afc79f6\" data-element_type=\"column\" data-e-type=\"column\" data-settings=\"{&quot;background_background&quot;:&quot;classic&quot;}\">\n\t\t\t<div class=\"elementor-widget-wrap elementor-element-populated\">\n\t\t\t\t\t\t<div class=\"elementor-element elementor-element-34f92cd elementor-widget elementor-widget-spacer\" data-id=\"34f92cd\" data-element_type=\"widget\" data-e-type=\"widget\" data-widget_type=\"spacer.default\">\n\t\t\t\t<div class=\"elementor-widget-container\">\n\t\t\t\t\t\t\t<div class=\"elementor-spacer\">\n\t\t\t<div class=\"elementor-spacer-inner\"><\/div>\n\t\t<\/div>\n\t\t\t\t\t\t<\/div>\n\t\t\t\t<\/div>\n\t\t\t\t\t<\/div>\n\t\t<\/div>\n\t\t\t\t<div class=\"elementor-column elementor-col-50 elementor-top-column elementor-element elementor-element-ae7d46c\" data-id=\"ae7d46c\" data-element_type=\"column\" data-e-type=\"column\" data-settings=\"{&quot;background_background&quot;:&quot;classic&quot;}\">\n\t\t\t<div class=\"elementor-widget-wrap elementor-element-populated\">\n\t\t\t\t\t\t<div class=\"elementor-element elementor-element-f920aee elementor-widget elementor-widget-heading\" data-id=\"f920aee\" data-element_type=\"widget\" data-e-type=\"widget\" data-widget_type=\"heading.default\">\n\t\t\t\t<div class=\"elementor-widget-container\">\n\t\t\t\t\t<h2 class=\"elementor-heading-title elementor-size-default\">Montage<\/h2>\t\t\t\t<\/div>\n\t\t\t\t<\/div>\n\t\t\t\t<div class=\"elementor-element elementor-element-d6a7c8b elementor-widget elementor-widget-text-editor\" data-id=\"d6a7c8b\" data-element_type=\"widget\" data-e-type=\"widget\" data-widget_type=\"text-editor.default\">\n\t\t\t\t<div class=\"elementor-widget-container\">\n\t\t\t\t\t\t\t\t\t<div class=\"zpRow standard \" data-row-id=\"324\"><div class=\"zpColumn odd zpColumnWidth1 c12 first last\" data-column-id=\"379\"><div class=\"zpColumnItem\"><div id=\"a1735\" class=\"articlearea zpwText\" data-article-id=\"1735\" data-zpleid=\"1735\"><p>Die Montagen und auch Inbetriebnahmen der Anlagen werden durch unsere Fachmonteure nach Ihren W\u00fcnschen \/ Zeichnungen umgesetzt.<\/p><p>Termingerechte Anlieferungen, Flexibilit\u00e4t und effektives Arbeiten geh\u00f6ren zu unseren St\u00e4rken.\u00a0<span style=\"color: var( --e-global-color-text ); background-color: var( --e-global-color-1e89e4ad ); font-family: var( --e-global-typography-text-font-family ), Sans-serif; font-size: var( --e-global-typography-text-font-size ); font-weight: var( --e-global-typography-text-font-weight ); letter-spacing: var( --e-global-typography-text-letter-spacing );\">Wir setzen auf kleine Teams, welche schnell und unkompliziert auf die Bed\u00fcrfnisse unserer Kunden reagieren k\u00f6nnen.\u00a0<\/span><\/p><\/div><\/div><\/div><\/div>\t\t\t\t\t\t\t\t<\/div>\n\t\t\t\t<\/div>\n\t\t\t\t\t<\/div>\n\t\t<\/div>\n\t\t\t\t\t<\/div>\n\t\t<\/section>\n\t\t\t\t<section class=\"elementor-section elementor-top-section elementor-element elementor-element-ea9b9dd elementor-section-full_width elementor-section-height-default elementor-section-height-default elementor-invisible\" data-id=\"ea9b9dd\" data-element_type=\"section\" data-e-type=\"section\" data-settings=\"{&quot;motion_fx_motion_fx_scrolling&quot;:&quot;yes&quot;,&quot;motion_fx_range&quot;:&quot;viewport&quot;,&quot;animation&quot;:&quot;fadeInUp&quot;,&quot;background_background&quot;:&quot;classic&quot;,&quot;motion_fx_devices&quot;:[&quot;desktop&quot;,&quot;tablet&quot;,&quot;mobile&quot;]}\">\n\t\t\t\t\t\t<div class=\"elementor-container elementor-column-gap-default\">\n\t\t\t\t\t<div class=\"elementor-column elementor-col-50 elementor-top-column elementor-element elementor-element-3e2795e\" data-id=\"3e2795e\" data-element_type=\"column\" data-e-type=\"column\">\n\t\t\t<div class=\"elementor-widget-wrap elementor-element-populated\">\n\t\t\t\t\t\t<div class=\"elementor-element elementor-element-b8cb729 elementor-widget__width-initial dce_masking-none elementor-widget elementor-widget-image\" data-id=\"b8cb729\" data-element_type=\"widget\" data-e-type=\"widget\" data-widget_type=\"image.default\">\n\t\t\t\t<div class=\"elementor-widget-container\">\n\t\t\t\t\t\t\t\t\t\t\t\t\t\t\t<img decoding=\"async\" width=\"150\" height=\"150\" src=\"https:\/\/k-tech-gmbh.ch\/wp-content\/uploads\/2021\/10\/Arrow-Alt-Circle-Right_bluedark-e1635408474723-150x150.png\" class=\"attachment-thumbnail size-thumbnail wp-image-2509\" alt=\"\" srcset=\"https:\/\/k-tech-gmbh.ch\/wp-content\/uploads\/2021\/10\/Arrow-Alt-Circle-Right_bluedark-e1635408474723-150x150.png 150w, https:\/\/k-tech-gmbh.ch\/wp-content\/uploads\/2021\/10\/Arrow-Alt-Circle-Right_bluedark-e1635408474723.png 276w\" sizes=\"(max-width: 150px) 100vw, 150px\" \/>\t\t\t\t\t\t\t\t\t\t\t\t\t\t\t<\/div>\n\t\t\t\t<\/div>\n\t\t\t\t<div class=\"elementor-element elementor-element-864458b elementor-widget__width-initial border-1 elementor-widget elementor-widget-parent-child-menu\" data-id=\"864458b\" data-element_type=\"widget\" data-e-type=\"widget\" data-widget_type=\"parent-child-menu.default\">\n\t\t\t\t<div class=\"elementor-widget-container\">\n\t\t\t\t\t<nav class=\"dce-menu vertical\"><ul class=\"first-level\"><li class=\"item-2410\"><a href=\"https:\/\/k-tech-gmbh.ch\/en\/anlagenbau\/fertigung-montage\/schweissarbeiten\/\">Schweissarbeiten<\/a><\/li><li class=\"item-2444\"><a href=\"https:\/\/k-tech-gmbh.ch\/en\/anlagenbau\/fertigung-montage\/rohrleitungsbau\/\">Rohrleitungsbau<\/a><\/li><li class=\"item-2415\"><a href=\"https:\/\/k-tech-gmbh.ch\/en\/anlagenbau\/fertigung-montage\/anlagenbau\/\">Anlagenbau<\/a><\/li><\/ul><\/nav>\t\t\t\t<\/div>\n\t\t\t\t<\/div>\n\t\t\t\t\t<\/div>\n\t\t<\/div>\n\t\t\t\t<div data-dce-background-image-url=\"https:\/\/k-tech-gmbh.ch\/wp-content\/uploads\/2021\/11\/wasserstrahlschneiden-by-k-tech.jpg\" class=\"elementor-column elementor-col-50 elementor-top-column elementor-element elementor-element-28f6b6a\" data-id=\"28f6b6a\" data-element_type=\"column\" data-e-type=\"column\" data-settings=\"{&quot;background_background&quot;:&quot;classic&quot;}\">\n\t\t\t<div class=\"elementor-widget-wrap elementor-element-populated\">\n\t\t\t\t\t\t<div class=\"elementor-element elementor-element-780ba28 elementor-widget elementor-widget-spacer\" data-id=\"780ba28\" data-element_type=\"widget\" data-e-type=\"widget\" data-widget_type=\"spacer.default\">\n\t\t\t\t<div class=\"elementor-widget-container\">\n\t\t\t\t\t\t\t<div class=\"elementor-spacer\">\n\t\t\t<div class=\"elementor-spacer-inner\"><\/div>\n\t\t<\/div>\n\t\t\t\t\t\t<\/div>\n\t\t\t\t<\/div>\n\t\t\t\t\t<\/div>\n\t\t<\/div>\n\t\t\t\t\t<\/div>\n\t\t<\/section>\n\t\t\t\t<\/div>\n\t\t","protected":false},"excerpt":{"rendered":"<p>Respond on time and in the shor\u00adtest pos\u00adsi\u00adble&nbsp;time<\/p>","protected":false},"author":1,"featured_media":5708,"parent":2083,"menu_order":3,"comment_status":"closed","ping_status":"closed","template":"","meta":{"wp_typography_post_enhancements_disabled":false,"footnotes":""},"class_list":["post-2408","page","type-page","status-publish","has-post-thumbnail","hentry"],"yoast_head":"<!-- This site is optimized with the Yoast SEO plugin v27.4 - https:\/\/yoast.com\/product\/yoast-seo-wordpress\/ -->\n<title>Chemieindustrie - Anlagenbau<\/title>\n<meta name=\"description\" content=\"F\u00fchrender Schweizer Anbieter f\u00fcr Anlagenbau-Komplettl\u00f6sungen in Pharma-, Lebensmittel- und Chemieindustrie. er Einsatz neuster Technologie erm\u00f6glicht uns auch komplexe Fertigungen selbst\u00e4ndig auszuf\u00fchren. Die Montagen und auch Inbetriebnahmen der Anlagen werden durch unsere Fachmonteure nach Ihren W\u00fcnschen \/ Zeichnungen umgesetzt.\" \/>\n<meta name=\"robots\" content=\"index, follow, max-snippet:-1, max-image-preview:large, max-video-preview:-1\" \/>\n<link rel=\"canonical\" href=\"https:\/\/k-tech-gmbh.ch\/en\/anlagenbau\/fertigung-montage\/\" \/>\n<meta property=\"og:locale\" content=\"en_US\" \/>\n<meta property=\"og:type\" content=\"article\" \/>\n<meta property=\"og:title\" content=\"Chemieindustrie - Anlagenbau\" \/>\n<meta property=\"og:description\" content=\"F\u00fchrender Schweizer Anbieter f\u00fcr Anlagenbau-Komplettl\u00f6sungen in Pharma-, Lebensmittel- und Chemieindustrie. er Einsatz neuster Technologie erm\u00f6glicht uns auch komplexe Fertigungen selbst\u00e4ndig auszuf\u00fchren. Die Montagen und auch Inbetriebnahmen der Anlagen werden durch unsere Fachmonteure nach Ihren W\u00fcnschen \/ Zeichnungen umgesetzt.\" \/>\n<meta property=\"og:url\" content=\"https:\/\/k-tech-gmbh.ch\/en\/anlagenbau\/fertigung-montage\/\" \/>\n<meta property=\"og:site_name\" content=\"K-Tech GmbH | Anlagenbau f\u00fcr die Lebensmittel Pharma und Chemie Industrie\" \/>\n<meta property=\"article:publisher\" content=\"https:\/\/www.facebook.com\/k.tech.gmbh\" \/>\n<meta property=\"article:modified_time\" content=\"2025-07-08T05:21:12+00:00\" \/>\n<meta property=\"og:image\" content=\"https:\/\/k-tech-gmbh.ch\/wp-content\/uploads\/2025\/01\/IMG-20250113-WA0013.jpg\" \/>\n\t<meta property=\"og:image:width\" content=\"1440\" \/>\n\t<meta property=\"og:image:height\" content=\"1920\" \/>\n\t<meta property=\"og:image:type\" content=\"image\/jpeg\" \/>\n<meta name=\"twitter:card\" content=\"summary_large_image\" \/>\n<meta name=\"twitter:label1\" content=\"Est. reading time\" \/>\n\t<meta name=\"twitter:data1\" content=\"1 minute\" \/>\n<script type=\"application\/ld+json\" class=\"yoast-schema-graph\">{\"@context\":\"https:\\\/\\\/schema.org\",\"@graph\":[{\"@type\":\"WebPage\",\"@id\":\"https:\\\/\\\/k-tech-gmbh.ch\\\/anlagenbau\\\/fertigung-montage\\\/\",\"url\":\"https:\\\/\\\/k-tech-gmbh.ch\\\/anlagenbau\\\/fertigung-montage\\\/\",\"name\":\"Chemieindustrie - Anlagenbau\",\"isPartOf\":{\"@id\":\"https:\\\/\\\/k-tech-gmbh.ch\\\/#website\"},\"primaryImageOfPage\":{\"@id\":\"https:\\\/\\\/k-tech-gmbh.ch\\\/anlagenbau\\\/fertigung-montage\\\/#primaryimage\"},\"image\":{\"@id\":\"https:\\\/\\\/k-tech-gmbh.ch\\\/anlagenbau\\\/fertigung-montage\\\/#primaryimage\"},\"thumbnailUrl\":\"https:\\\/\\\/k-tech-gmbh.ch\\\/wp-content\\\/uploads\\\/2025\\\/01\\\/IMG-20250113-WA0013.jpg\",\"datePublished\":\"2021-10-28T07:26:06+00:00\",\"dateModified\":\"2025-07-08T05:21:12+00:00\",\"description\":\"F\u00fchrender Schweizer Anbieter f\u00fcr Anlagenbau-Komplettl\u00f6sungen in Pharma-, Lebensmittel- und Chemieindustrie. er Einsatz neuster Technologie erm\u00f6glicht uns auch komplexe Fertigungen selbst\u00e4ndig auszuf\u00fchren. Die Montagen und auch Inbetriebnahmen der Anlagen werden durch unsere Fachmonteure nach Ihren W\u00fcnschen \\\/ Zeichnungen umgesetzt.\",\"breadcrumb\":{\"@id\":\"https:\\\/\\\/k-tech-gmbh.ch\\\/anlagenbau\\\/fertigung-montage\\\/#breadcrumb\"},\"inLanguage\":\"en-US\",\"potentialAction\":[{\"@type\":\"ReadAction\",\"target\":[\"https:\\\/\\\/k-tech-gmbh.ch\\\/anlagenbau\\\/fertigung-montage\\\/\"]}]},{\"@type\":\"ImageObject\",\"inLanguage\":\"en-US\",\"@id\":\"https:\\\/\\\/k-tech-gmbh.ch\\\/anlagenbau\\\/fertigung-montage\\\/#primaryimage\",\"url\":\"https:\\\/\\\/k-tech-gmbh.ch\\\/wp-content\\\/uploads\\\/2025\\\/01\\\/IMG-20250113-WA0013.jpg\",\"contentUrl\":\"https:\\\/\\\/k-tech-gmbh.ch\\\/wp-content\\\/uploads\\\/2025\\\/01\\\/IMG-20250113-WA0013.jpg\",\"width\":1440,\"height\":1920,\"caption\":\"Tankbau Schweiz\"},{\"@type\":\"BreadcrumbList\",\"@id\":\"https:\\\/\\\/k-tech-gmbh.ch\\\/anlagenbau\\\/fertigung-montage\\\/#breadcrumb\",\"itemListElement\":[{\"@type\":\"ListItem\",\"position\":1,\"name\":\"Startseite\",\"item\":\"https:\\\/\\\/k-tech-gmbh.ch\\\/\"},{\"@type\":\"ListItem\",\"position\":2,\"name\":\"Leistungen\",\"item\":\"https:\\\/\\\/k-tech-gmbh.ch\\\/anlagenbau\\\/\"},{\"@type\":\"ListItem\",\"position\":3,\"name\":\"Fertigung und Montage\"}]},{\"@type\":\"WebSite\",\"@id\":\"https:\\\/\\\/k-tech-gmbh.ch\\\/#website\",\"url\":\"https:\\\/\\\/k-tech-gmbh.ch\\\/\",\"name\":\"K-Tech GmbH | Anlagenbau f\u00fcr die Lebensmittel Pharma und Chemie Industrie\",\"description\":\"Anlagenbau nach Mass\",\"publisher\":{\"@id\":\"https:\\\/\\\/k-tech-gmbh.ch\\\/#organization\"},\"potentialAction\":[{\"@type\":\"SearchAction\",\"target\":{\"@type\":\"EntryPoint\",\"urlTemplate\":\"https:\\\/\\\/k-tech-gmbh.ch\\\/?s={search_term_string}\"},\"query-input\":{\"@type\":\"PropertyValueSpecification\",\"valueRequired\":true,\"valueName\":\"search_term_string\"}}],\"inLanguage\":\"en-US\"},{\"@type\":\"Organization\",\"@id\":\"https:\\\/\\\/k-tech-gmbh.ch\\\/#organization\",\"name\":\"Anlagenbau K-Tech GmbH\",\"url\":\"https:\\\/\\\/k-tech-gmbh.ch\\\/\",\"logo\":{\"@type\":\"ImageObject\",\"inLanguage\":\"en-US\",\"@id\":\"https:\\\/\\\/k-tech-gmbh.ch\\\/#\\\/schema\\\/logo\\\/image\\\/\",\"url\":\"https:\\\/\\\/k-tech-gmbh.ch\\\/wp-content\\\/uploads\\\/2021\\\/09\\\/cropped-Icon_k-tech_gross.png\",\"contentUrl\":\"https:\\\/\\\/k-tech-gmbh.ch\\\/wp-content\\\/uploads\\\/2021\\\/09\\\/cropped-Icon_k-tech_gross.png\",\"width\":512,\"height\":512,\"caption\":\"Anlagenbau K-Tech GmbH\"},\"image\":{\"@id\":\"https:\\\/\\\/k-tech-gmbh.ch\\\/#\\\/schema\\\/logo\\\/image\\\/\"},\"sameAs\":[\"https:\\\/\\\/www.facebook.com\\\/k.tech.gmbh\"]}]}<\/script>\n<!-- \/ Yoast SEO plugin. -->","yoast_head_json":{"title":"Che\u00admie\u00adin\u00addu\u00adstrie \u2013 Anlagenbau","description":"F\u00fch\u00adren\u00adder Schwei\u00adzer Anbie\u00adter f\u00fcr Anla\u00adgen\u00adbau-Kom\u00adplett\u00adl\u00f6\u00adsun\u00adgen in Pharma\u2011, Lebens\u00admit\u00adtel- und Che\u00admie\u00adin\u00addu\u00adstrie. er Ein\u00adsatz neu\u00adster Tech\u00adno\u00adlo\u00adgie erm\u00f6g\u00adlicht uns auch kom\u00adple\u00adxe Fer\u00adti\u00adgun\u00adgen selb\u00adst\u00e4n\u00addig aus\u00adzu\u00adf\u00fch\u00adren. Die Mon\u00adta\u00adgen und auch Inbe\u00adtrieb\u00adnah\u00admen der Anla\u00adgen wer\u00adden durch unse\u00adre Fach\u00admon\u00adteu\u00adre nach Ihren W\u00fcn\u00adschen \/ Zeich\u00adnun\u00adgen umgesetzt.","robots":{"index":"index","follow":"follow","max-snippet":"max-snippet:-1","max-image-preview":"max-image-preview:large","max-video-preview":"max-video-preview:-1"},"canonical":"https:\/\/k-tech-gmbh.ch\/en\/anlagenbau\/fertigung-montage\/","og_locale":"en_US","og_type":"article","og_title":"Chemieindustrie - Anlagenbau","og_description":"F\u00fchrender Schweizer Anbieter f\u00fcr Anlagenbau-Komplettl\u00f6sungen in Pharma-, Lebensmittel- und Chemieindustrie. er Einsatz neuster Technologie erm\u00f6glicht uns auch komplexe Fertigungen selbst\u00e4ndig auszuf\u00fchren. Die Montagen und auch Inbetriebnahmen der Anlagen werden durch unsere Fachmonteure nach Ihren W\u00fcnschen \/ Zeichnungen umgesetzt.","og_url":"https:\/\/k-tech-gmbh.ch\/en\/anlagenbau\/fertigung-montage\/","og_site_name":"K-Tech GmbH | Anlagenbau f\u00fcr die Lebensmittel Pharma und Chemie Industrie","article_publisher":"https:\/\/www.facebook.com\/k.tech.gmbh","article_modified_time":"2025-07-08T05:21:12+00:00","og_image":[{"width":1440,"height":1920,"url":"https:\/\/k-tech-gmbh.ch\/wp-content\/uploads\/2025\/01\/IMG-20250113-WA0013.jpg","type":"image\/jpeg"}],"twitter_card":"summary_large_image","twitter_misc":{"Est. reading time":"1 minute"},"schema":{"@context":"https:\/\/schema.org","@graph":[{"@type":"WebPage","@id":"https:\/\/k-tech-gmbh.ch\/anlagenbau\/fertigung-montage\/","url":"https:\/\/k-tech-gmbh.ch\/anlagenbau\/fertigung-montage\/","name":"Che\u00admie\u00adin\u00addu\u00adstrie \u2013 Anlagenbau","isPartOf":{"@id":"https:\/\/k-tech-gmbh.ch\/#website"},"primaryImageOfPage":{"@id":"https:\/\/k-tech-gmbh.ch\/anlagenbau\/fertigung-montage\/#primaryimage"},"image":{"@id":"https:\/\/k-tech-gmbh.ch\/anlagenbau\/fertigung-montage\/#primaryimage"},"thumbnailUrl":"https:\/\/k-tech-gmbh.ch\/wp-content\/uploads\/2025\/01\/IMG-20250113-WA0013.jpg","datePublished":"2021-10-28T07:26:06+00:00","dateModified":"2025-07-08T05:21:12+00:00","description":"F\u00fch\u00adren\u00adder Schwei\u00adzer Anbie\u00adter f\u00fcr Anla\u00adgen\u00adbau-Kom\u00adplett\u00adl\u00f6\u00adsun\u00adgen in Pharma\u2011, Lebens\u00admit\u00adtel- und Che\u00admie\u00adin\u00addu\u00adstrie. er Ein\u00adsatz neu\u00adster Tech\u00adno\u00adlo\u00adgie erm\u00f6g\u00adlicht uns auch kom\u00adple\u00adxe Fer\u00adti\u00adgun\u00adgen selb\u00adst\u00e4n\u00addig aus\u00adzu\u00adf\u00fch\u00adren. Die Mon\u00adta\u00adgen und auch Inbe\u00adtrieb\u00adnah\u00admen der Anla\u00adgen wer\u00adden durch unse\u00adre Fach\u00admon\u00adteu\u00adre nach Ihren W\u00fcn\u00adschen \/ Zeich\u00adnun\u00adgen umgesetzt.","breadcrumb":{"@id":"https:\/\/k-tech-gmbh.ch\/anlagenbau\/fertigung-montage\/#breadcrumb"},"inLanguage":"en-US","potentialAction":[{"@type":"ReadAction","target":["https:\/\/k-tech-gmbh.ch\/anlagenbau\/fertigung-montage\/"]}]},{"@type":"ImageObject","inLanguage":"en-US","@id":"https:\/\/k-tech-gmbh.ch\/anlagenbau\/fertigung-montage\/#primaryimage","url":"https:\/\/k-tech-gmbh.ch\/wp-content\/uploads\/2025\/01\/IMG-20250113-WA0013.jpg","contentUrl":"https:\/\/k-tech-gmbh.ch\/wp-content\/uploads\/2025\/01\/IMG-20250113-WA0013.jpg","width":1440,"height":1920,"caption":"Tankbau Schweiz"},{"@type":"BreadcrumbList","@id":"https:\/\/k-tech-gmbh.ch\/anlagenbau\/fertigung-montage\/#breadcrumb","itemListElement":[{"@type":"ListItem","position":1,"name":"Startseite","item":"https:\/\/k-tech-gmbh.ch\/"},{"@type":"ListItem","position":2,"name":"Leistungen","item":"https:\/\/k-tech-gmbh.ch\/anlagenbau\/"},{"@type":"ListItem","position":3,"name":"Fertigung und Montage"}]},{"@type":"WebSite","@id":"https:\/\/k-tech-gmbh.ch\/#website","url":"https:\/\/k-tech-gmbh.ch\/","name":"K\u2011Tech GmbH | Anla\u00adgen\u00adbau f\u00fcr die Lebens\u00admit\u00adtel Phar\u00adma und Che\u00admie Industrie","description":"Anla\u00adgen\u00adbau nach&nbsp;Mass","publisher":{"@id":"https:\/\/k-tech-gmbh.ch\/#organization"},"potentialAction":[{"@type":"SearchAction","target":{"@type":"EntryPoint","urlTemplate":"https:\/\/k-tech-gmbh.ch\/?s={search_term_string}"},"query-input":{"@type":"PropertyValueSpecification","valueRequired":true,"valueName":"search_term_string"}}],"inLanguage":"en-US"},{"@type":"Organization","@id":"https:\/\/k-tech-gmbh.ch\/#organization","name":"Anla\u00adgen\u00adbau K\u2011Tech GmbH","url":"https:\/\/k-tech-gmbh.ch\/","logo":{"@type":"ImageObject","inLanguage":"en-US","@id":"https:\/\/k-tech-gmbh.ch\/#\/schema\/logo\/image\/","url":"https:\/\/k-tech-gmbh.ch\/wp-content\/uploads\/2021\/09\/cropped-Icon_k-tech_gross.png","contentUrl":"https:\/\/k-tech-gmbh.ch\/wp-content\/uploads\/2021\/09\/cropped-Icon_k-tech_gross.png","width":512,"height":512,"caption":"Anlagenbau K-Tech GmbH"},"image":{"@id":"https:\/\/k-tech-gmbh.ch\/#\/schema\/logo\/image\/"},"sameAs":["https:\/\/www.facebook.com\/k.tech.gmbh"]}]}},"_links":{"self":[{"href":"https:\/\/k-tech-gmbh.ch\/en\/wp-json\/wp\/v2\/pages\/2408","targetHints":{"allow":["GET"]}}],"collection":[{"href":"https:\/\/k-tech-gmbh.ch\/en\/wp-json\/wp\/v2\/pages"}],"about":[{"href":"https:\/\/k-tech-gmbh.ch\/en\/wp-json\/wp\/v2\/types\/page"}],"author":[{"embeddable":true,"href":"https:\/\/k-tech-gmbh.ch\/en\/wp-json\/wp\/v2\/users\/1"}],"replies":[{"embeddable":true,"href":"https:\/\/k-tech-gmbh.ch\/en\/wp-json\/wp\/v2\/comments?post=2408"}],"version-history":[{"count":1,"href":"https:\/\/k-tech-gmbh.ch\/en\/wp-json\/wp\/v2\/pages\/2408\/revisions"}],"predecessor-version":[{"id":5902,"href":"https:\/\/k-tech-gmbh.ch\/en\/wp-json\/wp\/v2\/pages\/2408\/revisions\/5902"}],"up":[{"embeddable":true,"href":"https:\/\/k-tech-gmbh.ch\/en\/wp-json\/wp\/v2\/pages\/2083"}],"wp:featuredmedia":[{"embeddable":true,"href":"https:\/\/k-tech-gmbh.ch\/en\/wp-json\/wp\/v2\/media\/5708"}],"wp:attachment":[{"href":"https:\/\/k-tech-gmbh.ch\/en\/wp-json\/wp\/v2\/media?parent=2408"}],"curies":[{"name":"wp","href":"https:\/\/api.w.org\/{rel}","templated":true}]}}