{"id":2737,"date":"2021-11-14T20:00:10","date_gmt":"2021-11-14T20:00:10","guid":{"rendered":"https:\/\/fittinge.ch\/wp-ktech\/?page_id=2737"},"modified":"2021-11-14T20:10:03","modified_gmt":"2021-11-14T20:10:03","slug":"philosophie","status":"publish","type":"page","link":"https:\/\/k-tech-gmbh.ch\/en\/ueber-uns\/philosophie\/","title":{"rendered":"Phi\u00adlo\u00adso\u00adphy"},"content":{"rendered":"\t\t<div data-elementor-type=\"wp-page\" data-elementor-id=\"2737\" class=\"elementor elementor-2737\" data-elementor-settings=\"{&quot;element_pack_global_tooltip_width&quot;:{&quot;unit&quot;:&quot;px&quot;,&quot;size&quot;:&quot;&quot;,&quot;sizes&quot;:[]},&quot;element_pack_global_tooltip_width_tablet&quot;:{&quot;unit&quot;:&quot;px&quot;,&quot;size&quot;:&quot;&quot;,&quot;sizes&quot;:[]},&quot;element_pack_global_tooltip_width_mobile&quot;:{&quot;unit&quot;:&quot;px&quot;,&quot;size&quot;:&quot;&quot;,&quot;sizes&quot;:[]},&quot;element_pack_global_tooltip_padding&quot;:{&quot;unit&quot;:&quot;px&quot;,&quot;top&quot;:&quot;&quot;,&quot;right&quot;:&quot;&quot;,&quot;bottom&quot;:&quot;&quot;,&quot;left&quot;:&quot;&quot;,&quot;isLinked&quot;:true},&quot;element_pack_global_tooltip_padding_tablet&quot;:{&quot;unit&quot;:&quot;px&quot;,&quot;top&quot;:&quot;&quot;,&quot;right&quot;:&quot;&quot;,&quot;bottom&quot;:&quot;&quot;,&quot;left&quot;:&quot;&quot;,&quot;isLinked&quot;:true},&quot;element_pack_global_tooltip_padding_mobile&quot;:{&quot;unit&quot;:&quot;px&quot;,&quot;top&quot;:&quot;&quot;,&quot;right&quot;:&quot;&quot;,&quot;bottom&quot;:&quot;&quot;,&quot;left&quot;:&quot;&quot;,&quot;isLinked&quot;:true},&quot;element_pack_global_tooltip_border_radius&quot;:{&quot;unit&quot;:&quot;px&quot;,&quot;top&quot;:&quot;&quot;,&quot;right&quot;:&quot;&quot;,&quot;bottom&quot;:&quot;&quot;,&quot;left&quot;:&quot;&quot;,&quot;isLinked&quot;:true},&quot;element_pack_global_tooltip_border_radius_tablet&quot;:{&quot;unit&quot;:&quot;px&quot;,&quot;top&quot;:&quot;&quot;,&quot;right&quot;:&quot;&quot;,&quot;bottom&quot;:&quot;&quot;,&quot;left&quot;:&quot;&quot;,&quot;isLinked&quot;:true},&quot;element_pack_global_tooltip_border_radius_mobile&quot;:{&quot;unit&quot;:&quot;px&quot;,&quot;top&quot;:&quot;&quot;,&quot;right&quot;:&quot;&quot;,&quot;bottom&quot;:&quot;&quot;,&quot;left&quot;:&quot;&quot;,&quot;isLinked&quot;:true}}\" data-elementor-post-type=\"page\">\n\t\t\t\t\t\t<section class=\"elementor-section elementor-top-section elementor-element elementor-element-8d531c3 elementor-section-full_width elementor-section-height-default elementor-section-height-default elementor-invisible\" data-id=\"8d531c3\" data-element_type=\"section\" data-e-type=\"section\" data-settings=\"{&quot;motion_fx_motion_fx_scrolling&quot;:&quot;yes&quot;,&quot;motion_fx_range&quot;:&quot;viewport&quot;,&quot;animation&quot;:&quot;fadeInUp&quot;,&quot;background_background&quot;:&quot;classic&quot;,&quot;motion_fx_devices&quot;:[&quot;desktop&quot;,&quot;tablet&quot;,&quot;mobile&quot;]}\">\n\t\t\t\t\t\t<div class=\"elementor-container elementor-column-gap-default\">\n\t\t\t\t\t<div class=\"elementor-column elementor-col-50 elementor-top-column elementor-element elementor-element-a2192e8\" data-id=\"a2192e8\" data-element_type=\"column\" data-e-type=\"column\">\n\t\t\t<div class=\"elementor-widget-wrap elementor-element-populated\">\n\t\t\t\t\t\t<div class=\"elementor-element elementor-element-f0d6f4a elementor-widget elementor-widget-spacer\" data-id=\"f0d6f4a\" data-element_type=\"widget\" data-e-type=\"widget\" data-widget_type=\"spacer.default\">\n\t\t\t\t<div class=\"elementor-widget-container\">\n\t\t\t\t\t\t\t<div class=\"elementor-spacer\">\n\t\t\t<div class=\"elementor-spacer-inner\"><\/div>\n\t\t<\/div>\n\t\t\t\t\t\t<\/div>\n\t\t\t\t<\/div>\n\t\t\t\t<div data-dce-title-color=\"#FFF\" class=\"elementor-element elementor-element-056ac61 elementor-widget elementor-widget-heading\" data-id=\"056ac61\" data-element_type=\"widget\" data-e-type=\"widget\" data-widget_type=\"heading.default\">\n\t\t\t\t<div class=\"elementor-widget-container\">\n\t\t\t\t\t<h1 class=\"elementor-heading-title elementor-size-default\">Philosophie<\/h1>\t\t\t\t<\/div>\n\t\t\t\t<\/div>\n\t\t\t\t<div class=\"elementor-element elementor-element-bbf7c32 elementor-widget elementor-widget-heading\" data-id=\"bbf7c32\" data-element_type=\"widget\" data-e-type=\"widget\" data-widget_type=\"heading.default\">\n\t\t\t\t<div class=\"elementor-widget-container\">\n\t\t\t\t\t<h2 class=\"elementor-heading-title elementor-size-default\">DAS LEITBILD (PHILOSOPHIE) UNSERES UNTERNEHMENS<\/h2>\t\t\t\t<\/div>\n\t\t\t\t<\/div>\n\t\t\t\t<div class=\"elementor-element elementor-element-4ce8133 elementor-widget elementor-widget-spacer\" data-id=\"4ce8133\" data-element_type=\"widget\" data-e-type=\"widget\" data-widget_type=\"spacer.default\">\n\t\t\t\t<div class=\"elementor-widget-container\">\n\t\t\t\t\t\t\t<div class=\"elementor-spacer\">\n\t\t\t<div class=\"elementor-spacer-inner\"><\/div>\n\t\t<\/div>\n\t\t\t\t\t\t<\/div>\n\t\t\t\t<\/div>\n\t\t\t\t\t<\/div>\n\t\t<\/div>\n\t\t\t\t<div class=\"elementor-column elementor-col-50 elementor-top-column elementor-element elementor-element-7f0b910\" data-id=\"7f0b910\" data-element_type=\"column\" data-e-type=\"column\" data-settings=\"{&quot;background_background&quot;:&quot;classic&quot;}\">\n\t\t\t<div class=\"elementor-widget-wrap elementor-element-populated\">\n\t\t\t\t\t\t<div class=\"elementor-element elementor-element-b87a73b dce_masking-none elementor-widget elementor-widget-image\" data-id=\"b87a73b\" data-element_type=\"widget\" data-e-type=\"widget\" data-widget_type=\"image.default\">\n\t\t\t\t<div class=\"elementor-widget-container\">\n\t\t\t\t\t\t\t\t\t\t\t\t\t\t\t<img fetchpriority=\"high\" decoding=\"async\" width=\"800\" height=\"906\" src=\"https:\/\/k-tech-gmbh.ch\/wp-content\/uploads\/2021\/09\/Icon_k-tech_weiss_1600px-904x1024.png\" class=\"attachment-large size-large wp-image-1903\" alt=\"\" srcset=\"https:\/\/k-tech-gmbh.ch\/wp-content\/uploads\/2021\/09\/Icon_k-tech_weiss_1600px-904x1024.png 904w, https:\/\/k-tech-gmbh.ch\/wp-content\/uploads\/2021\/09\/Icon_k-tech_weiss_1600px-265x300.png 265w, https:\/\/k-tech-gmbh.ch\/wp-content\/uploads\/2021\/09\/Icon_k-tech_weiss_1600px-768x870.png 768w, https:\/\/k-tech-gmbh.ch\/wp-content\/uploads\/2021\/09\/Icon_k-tech_weiss_1600px-1356x1536.png 1356w, https:\/\/k-tech-gmbh.ch\/wp-content\/uploads\/2021\/09\/Icon_k-tech_weiss_1600px.png 1413w\" sizes=\"(max-width: 800px) 100vw, 800px\" \/>\t\t\t\t\t\t\t\t\t\t\t\t\t\t\t<\/div>\n\t\t\t\t<\/div>\n\t\t\t\t\t<\/div>\n\t\t<\/div>\n\t\t\t\t\t<\/div>\n\t\t<\/section>\n\t\t\t\t<section class=\"elementor-section elementor-top-section elementor-element elementor-element-05ed046 elementor-section-full_width elementor-section-height-default elementor-section-height-default elementor-invisible\" data-id=\"05ed046\" data-element_type=\"section\" data-e-type=\"section\" data-settings=\"{&quot;motion_fx_motion_fx_scrolling&quot;:&quot;yes&quot;,&quot;motion_fx_range&quot;:&quot;viewport&quot;,&quot;animation&quot;:&quot;fadeInUp&quot;,&quot;motion_fx_devices&quot;:[&quot;desktop&quot;,&quot;tablet&quot;,&quot;mobile&quot;]}\">\n\t\t\t\t\t\t<div class=\"elementor-container elementor-column-gap-default\">\n\t\t\t\t\t<div class=\"elementor-column elementor-col-100 elementor-top-column elementor-element elementor-element-15b346c\" data-id=\"15b346c\" data-element_type=\"column\" data-e-type=\"column\">\n\t\t\t<div class=\"elementor-widget-wrap elementor-element-populated\">\n\t\t\t\t\t\t<div class=\"elementor-element elementor-element-0986ac8 elementor-widget elementor-widget-spacer\" data-id=\"0986ac8\" data-element_type=\"widget\" data-e-type=\"widget\" data-widget_type=\"spacer.default\">\n\t\t\t\t<div class=\"elementor-widget-container\">\n\t\t\t\t\t\t\t<div class=\"elementor-spacer\">\n\t\t\t<div class=\"elementor-spacer-inner\"><\/div>\n\t\t<\/div>\n\t\t\t\t\t\t<\/div>\n\t\t\t\t<\/div>\n\t\t\t\t<div class=\"elementor-element elementor-element-e7c2821 elementor-widget elementor-widget-dce-breadcrumbs\" data-id=\"e7c2821\" data-element_type=\"widget\" data-e-type=\"widget\" data-widget_type=\"dce-breadcrumbs.default\">\n\t\t\t\t<div class=\"elementor-widget-container\">\n\t\t\t\t\t<ul><li class=\"item-home\"><a class=\"bread-link bread-home\" href=\"https:\/\/k-tech-gmbh.ch\/en\" title=\"Home\">Home<\/a><\/li><li class=\"separator separator-home\"> <span class=\"dce-separator\">\u00bb<\/span> <\/li><li class=\"item-parent item-parent-2300\"><a class=\"bread-parent bread-parent-2300\" href=\"https:\/\/k-tech-gmbh.ch\/en\/ueber-uns\/\" title=\"\u00dcber uns\">\u00dcber uns<\/a><\/li><li class=\"separator separator-2300\"> <span class=\"dce-separator\">\u00bb<\/span> <\/li><li class=\"item-current item-2737\"><span title=\"Philosophie\"> Philosophie<\/span><\/li><\/ul>\t\t\t\t<\/div>\n\t\t\t\t<\/div>\n\t\t\t\t<div class=\"elementor-element elementor-element-84996b1 elementor-widget elementor-widget-spacer\" data-id=\"84996b1\" data-element_type=\"widget\" data-e-type=\"widget\" data-widget_type=\"spacer.default\">\n\t\t\t\t<div class=\"elementor-widget-container\">\n\t\t\t\t\t\t\t<div class=\"elementor-spacer\">\n\t\t\t<div class=\"elementor-spacer-inner\"><\/div>\n\t\t<\/div>\n\t\t\t\t\t\t<\/div>\n\t\t\t\t<\/div>\n\t\t\t\t\t<\/div>\n\t\t<\/div>\n\t\t\t\t\t<\/div>\n\t\t<\/section>\n\t\t\t\t<section class=\"elementor-section elementor-top-section elementor-element elementor-element-3ab3487 elementor-section-boxed elementor-section-height-default elementor-section-height-default\" data-id=\"3ab3487\" data-element_type=\"section\" data-e-type=\"section\">\n\t\t\t\t\t\t<div class=\"elementor-container elementor-column-gap-default\">\n\t\t\t\t\t<div class=\"elementor-column elementor-col-100 elementor-top-column elementor-element elementor-element-0e34116\" data-id=\"0e34116\" data-element_type=\"column\" data-e-type=\"column\">\n\t\t\t<div class=\"elementor-widget-wrap elementor-element-populated\">\n\t\t\t\t\t\t<div class=\"elementor-element elementor-element-e656074 elementor-widget elementor-widget-text-editor\" data-id=\"e656074\" data-element_type=\"widget\" data-e-type=\"widget\" data-widget_type=\"text-editor.default\">\n\t\t\t\t<div class=\"elementor-widget-container\">\n\t\t\t\t\t\t\t\t\t<div class=\"zpRow standard \" data-row-id=\"327\"><div class=\"zpColumn odd zpColumnWidth1 c12 first last\" data-column-id=\"383\"><div class=\"zpColumnItem\"><div id=\"a1739\" class=\"articlearea zpwText\" data-article-id=\"1739\" data-zpleid=\"1739\"><h2 data-zpfieldname=\"headline\">Die T\u00e4tigkeitsschwerpunkte unseres Unternehmens sind<\/h2><\/div><\/div><\/div><\/div><div class=\"zpRow standard \" data-row-id=\"295\"><div class=\"zpColumn odd zpColumnWidth2 c7 first\" data-column-id=\"345\"><div class=\"zpColumnItem\"><div id=\"a1696\" class=\"articlearea zpwText\" data-article-id=\"1696\" data-zpleid=\"1696\"><p>Kundenorientierte L\u00f6sungen im Anlagenbau, spezialisiert auf Lebensmittel, Pharma und Chemie Produktionsanlagen.<\/p><p>Nachhaltige Revisionen bestehender Anlagen unter Ber\u00fccksichtigung s\u00e4mtlicher Normen und Protokolle.<\/p><p>Reparaturen und Verbesserungen zur Nachhaltigkeit von Produktionsanlagen<\/p><p>Erstellen Schematischer Abbildungen von Produktionsanlagen oder deren Einzelteile.<\/p><div class=\"zpRow standard \" data-row-id=\"324\"><div class=\"zpColumn odd zpColumnWidth1 c12 first last\" data-column-id=\"379\"><div class=\"zpColumnItem\"><div id=\"a1735\" class=\"articlearea zpwText\" data-article-id=\"1735\" data-zpleid=\"1735\"><p><img decoding=\"async\" class=\"size-medium wp-image-2740 alignleft\" style=\"letter-spacing: normal;\" src=\"https:\/\/k-tech-gmbh.ch\/wp-content\/uploads\/2021\/11\/k-shoeb-2-300x300.jpg\" alt=\"\" width=\"300\" height=\"300\" srcset=\"https:\/\/k-tech-gmbh.ch\/wp-content\/uploads\/2021\/11\/k-shoeb-2-300x300.jpg 300w, https:\/\/k-tech-gmbh.ch\/wp-content\/uploads\/2021\/11\/k-shoeb-2-150x150.jpg 150w, https:\/\/k-tech-gmbh.ch\/wp-content\/uploads\/2021\/11\/k-shoeb-2.jpg 499w\" sizes=\"(max-width: 300px) 100vw, 300px\" \/><\/p><p>Im Mittelpunkt unserer T\u00e4tigkeit steht der Mensch. Wir erachten es als unsere Aufgabe die Bed\u00fcrfnisse unserer Kunden zu erf\u00fcllen.<\/p><p>Ein freundlich zugewandter, respektvoller, ruhiger und zuvorkommender Umgang mit dem Kunden hat f\u00fcr uns oberste Priorit\u00e4t.\u00a0<\/p><p>Unter Wahrung der Menschenw\u00fcrde und der Individualit\u00e4t und unabh\u00e4ngig vom sozialen Status des Kunden strebt unser Haus dessen bestm\u00f6gliche Beratung und Versorgung mit ben\u00f6tigten Produkten an. Um dies zu erreichen setzen wir auf anerkannte und fundierte Angebote und Dienstleistungen, in deren Umgang wir uns durch Qualifizierungsmassnahmen eine besondere Bef\u00e4higung erworben haben.\u00a0<\/p><p>Die Mitarbeiter repr\u00e4sentieren unser Unternehmen positiv in der \u00d6ffentlichkeit durch ihr pers\u00f6nliches Auftreten und ihr Verhalten gegen\u00fcber Kunden und anderen Kontaktpersonen.<\/p><p>Wir arbeiten kostenbewusst und erfolgsorientiert. Dabei nutzen wir ein breites Spektrum moderner Ger\u00e4te. Zuverl\u00e4ssigkeit und uneingeschr\u00e4nkte Beachtung der gesetzlichen Vorschriften, der Arbeitssicherheit sowie umweltschonendes Arbeiten geh\u00f6ren zu unseren Arbeitsgrundlagen.<\/p><\/div><\/div><\/div><\/div><div class=\"zpRow standard \" data-row-id=\"325\"><div class=\"zpColumn odd zpColumnWidth1 c12 first last\" data-column-id=\"380\"><div class=\"zpColumnItem\"><div id=\"a1736\" class=\"articlearea zpwText\" data-article-id=\"1736\" data-zpleid=\"1736\"><p>Auf der Grundlage gesicherter wissenschaftlicher Erkenntnisse gew\u00e4hrleisten wir, durch den Einsatz moderner Technik und stetige Weiterbildung, eine ganzheitliche Erf\u00fcllung der Kundenanforderungen. Ein wichtiges Ziel unseres Unternehmens ist die permanente Verbesserung unserer Leistungen durch Einsatz eines Qualit\u00e4tsmanagements und st\u00e4ndiger Fort- und Weiterbildungen. Unsere Kompetenz und unseren Sachverstand bringen wir, gegen\u00fcber dem Kunden, durch Beratung und Information aktiv ein.<\/p><p>Wir arbeiten mit unseren Partnern konstruktiv zusammen und passen uns den gesellschaftlichen Erfordernissen flexibel an. Wir arbeiten im Team selbstverantwortlich in den jeweiligen Arbeits- und Zust\u00e4ndigkeitsbereichen. Transparenz, Kollegialit\u00e4t, Offenheit und Menschlichkeit sind F\u00fchrungsgrunds\u00e4tze. Jeder unserer Mitarbeiter tr\u00e4gt mit seiner Arbeit einen wichtigen Teil zum Gesamtergebnis unseres Unternehmens bei. Wir pflegen eine interne Kunden-Philosophie, das heisst, jeder betrachtet auch innerbetrieblich jeden Kollegen als Kunden. Erst dieser Ansatz macht eine positive externe Kundenorientierung uneingeschr\u00e4nkt m\u00f6glich \u2013 das Innere wirkt nach aussen.<\/p><p>Unsere Ziele sind zufriedene Kunden und Mitarbeiter, gesellschaftliche Anerkennung und eigener Erfolg auf der Grundlage, der Gesellschaft im positiven Sinne zu dienen.<\/p><p>Ihre Gesch\u00e4ftsleitung<\/p><\/div><\/div><\/div><\/div><\/div><\/div><\/div><\/div>\t\t\t\t\t\t\t\t<\/div>\n\t\t\t\t<\/div>\n\t\t\t\t\t<\/div>\n\t\t<\/div>\n\t\t\t\t\t<\/div>\n\t\t<\/section>\n\t\t\t\t<\/div>\n\t\t","protected":false},"excerpt":{"rendered":"<p>Philosophie DAS LEITBILD (PHILOSOPHIE) UNSERES UNTERNEHMENS Home \u00bb Die T\u00e4tigkeitsschwerpunkte unseres Unternehmens sind Kundenorientierte L\u00f6sungen im Anlagenbau, spezialisiert auf Lebensmittel, Pharma und Chemie Produktionsanlagen. Nachhaltige Revisionen bestehender Anlagen unter Ber\u00fccksichtigung s\u00e4mtlicher Normen und Protokolle. Reparaturen und Verbesserungen zur Nachhaltigkeit von Produktionsanlagen Erstellen Schematischer Abbildungen von Produktionsanlagen oder deren Einzelteile. Im Mittelpunkt unserer T\u00e4tigkeit steht der [&hellip;]<\/p>\n","protected":false},"author":1,"featured_media":0,"parent":2300,"menu_order":0,"comment_status":"closed","ping_status":"closed","template":"","meta":{"wp_typography_post_enhancements_disabled":false,"footnotes":""},"class_list":["post-2737","page","type-page","status-publish","hentry"],"yoast_head":"<!-- This site is optimized with the Yoast SEO plugin v27.4 - https:\/\/yoast.com\/product\/yoast-seo-wordpress\/ -->\n<title>Philosophie K-Tech GmbH<\/title>\n<meta name=\"description\" content=\"Im Mittelpunkt unserer T\u00e4tigkeit steht der Mensch. Wir erachten es als unsere Aufgabe die Bed\u00fcrfnisse unserer Kunden zu erf\u00fcllen. Ein freundlich zugewandter, respektvoller, ruhiger und zuvorkommender Umgang mit dem Kunden hat f\u00fcr uns oberste Priorit\u00e4t.\" \/>\n<meta name=\"robots\" content=\"index, follow, max-snippet:-1, max-image-preview:large, max-video-preview:-1\" \/>\n<link rel=\"canonical\" href=\"https:\/\/k-tech-gmbh.ch\/en\/ueber-uns\/philosophie\/\" \/>\n<meta property=\"og:locale\" content=\"en_US\" \/>\n<meta property=\"og:type\" content=\"article\" \/>\n<meta property=\"og:title\" content=\"Philosophie K-Tech GmbH\" \/>\n<meta property=\"og:description\" content=\"Im Mittelpunkt unserer T\u00e4tigkeit steht der Mensch. Wir erachten es als unsere Aufgabe die Bed\u00fcrfnisse unserer Kunden zu erf\u00fcllen. Ein freundlich zugewandter, respektvoller, ruhiger und zuvorkommender Umgang mit dem Kunden hat f\u00fcr uns oberste Priorit\u00e4t.\" \/>\n<meta property=\"og:url\" content=\"https:\/\/k-tech-gmbh.ch\/en\/ueber-uns\/philosophie\/\" \/>\n<meta property=\"og:site_name\" content=\"K-Tech GmbH | Anlagenbau f\u00fcr die Lebensmittel Pharma und Chemie Industrie\" \/>\n<meta property=\"article:publisher\" content=\"https:\/\/www.facebook.com\/k.tech.gmbh\" \/>\n<meta property=\"article:modified_time\" content=\"2021-11-14T20:10:03+00:00\" \/>\n<meta property=\"og:image\" content=\"https:\/\/fittinge.ch\/wp-ktech\/wp-content\/uploads\/2021\/09\/Icon_k-tech_weiss_1600px-904x1024.png\" \/>\n<meta name=\"twitter:card\" content=\"summary_large_image\" \/>\n<meta name=\"twitter:label1\" content=\"Est. reading time\" \/>\n\t<meta name=\"twitter:data1\" content=\"2 minutes\" \/>\n<script type=\"application\/ld+json\" class=\"yoast-schema-graph\">{\"@context\":\"https:\\\/\\\/schema.org\",\"@graph\":[{\"@type\":\"WebPage\",\"@id\":\"https:\\\/\\\/k-tech-gmbh.ch\\\/ueber-uns\\\/philosophie\\\/\",\"url\":\"https:\\\/\\\/k-tech-gmbh.ch\\\/ueber-uns\\\/philosophie\\\/\",\"name\":\"Philosophie K-Tech GmbH\",\"isPartOf\":{\"@id\":\"https:\\\/\\\/k-tech-gmbh.ch\\\/#website\"},\"primaryImageOfPage\":{\"@id\":\"https:\\\/\\\/k-tech-gmbh.ch\\\/ueber-uns\\\/philosophie\\\/#primaryimage\"},\"image\":{\"@id\":\"https:\\\/\\\/k-tech-gmbh.ch\\\/ueber-uns\\\/philosophie\\\/#primaryimage\"},\"thumbnailUrl\":\"https:\\\/\\\/fittinge.ch\\\/wp-ktech\\\/wp-content\\\/uploads\\\/2021\\\/09\\\/Icon_k-tech_weiss_1600px-904x1024.png\",\"datePublished\":\"2021-11-14T20:00:10+00:00\",\"dateModified\":\"2021-11-14T20:10:03+00:00\",\"description\":\"Im Mittelpunkt unserer T\u00e4tigkeit steht der Mensch. Wir erachten es als unsere Aufgabe die Bed\u00fcrfnisse unserer Kunden zu erf\u00fcllen. Ein freundlich zugewandter, respektvoller, ruhiger und zuvorkommender Umgang mit dem Kunden hat f\u00fcr uns oberste Priorit\u00e4t.\",\"breadcrumb\":{\"@id\":\"https:\\\/\\\/k-tech-gmbh.ch\\\/ueber-uns\\\/philosophie\\\/#breadcrumb\"},\"inLanguage\":\"en-US\",\"potentialAction\":[{\"@type\":\"ReadAction\",\"target\":[\"https:\\\/\\\/k-tech-gmbh.ch\\\/ueber-uns\\\/philosophie\\\/\"]}]},{\"@type\":\"ImageObject\",\"inLanguage\":\"en-US\",\"@id\":\"https:\\\/\\\/k-tech-gmbh.ch\\\/ueber-uns\\\/philosophie\\\/#primaryimage\",\"url\":\"https:\\\/\\\/fittinge.ch\\\/wp-ktech\\\/wp-content\\\/uploads\\\/2021\\\/09\\\/Icon_k-tech_weiss_1600px-904x1024.png\",\"contentUrl\":\"https:\\\/\\\/fittinge.ch\\\/wp-ktech\\\/wp-content\\\/uploads\\\/2021\\\/09\\\/Icon_k-tech_weiss_1600px-904x1024.png\"},{\"@type\":\"BreadcrumbList\",\"@id\":\"https:\\\/\\\/k-tech-gmbh.ch\\\/ueber-uns\\\/philosophie\\\/#breadcrumb\",\"itemListElement\":[{\"@type\":\"ListItem\",\"position\":1,\"name\":\"Startseite\",\"item\":\"https:\\\/\\\/k-tech-gmbh.ch\\\/\"},{\"@type\":\"ListItem\",\"position\":2,\"name\":\"\u00dcber uns\",\"item\":\"https:\\\/\\\/k-tech-gmbh.ch\\\/ueber-uns\\\/\"},{\"@type\":\"ListItem\",\"position\":3,\"name\":\"Philosophie\"}]},{\"@type\":\"WebSite\",\"@id\":\"https:\\\/\\\/k-tech-gmbh.ch\\\/#website\",\"url\":\"https:\\\/\\\/k-tech-gmbh.ch\\\/\",\"name\":\"K-Tech GmbH | Anlagenbau f\u00fcr die Lebensmittel Pharma und Chemie Industrie\",\"description\":\"Anlagenbau nach Mass\",\"publisher\":{\"@id\":\"https:\\\/\\\/k-tech-gmbh.ch\\\/#organization\"},\"potentialAction\":[{\"@type\":\"SearchAction\",\"target\":{\"@type\":\"EntryPoint\",\"urlTemplate\":\"https:\\\/\\\/k-tech-gmbh.ch\\\/?s={search_term_string}\"},\"query-input\":{\"@type\":\"PropertyValueSpecification\",\"valueRequired\":true,\"valueName\":\"search_term_string\"}}],\"inLanguage\":\"en-US\"},{\"@type\":\"Organization\",\"@id\":\"https:\\\/\\\/k-tech-gmbh.ch\\\/#organization\",\"name\":\"Anlagenbau K-Tech GmbH\",\"url\":\"https:\\\/\\\/k-tech-gmbh.ch\\\/\",\"logo\":{\"@type\":\"ImageObject\",\"inLanguage\":\"en-US\",\"@id\":\"https:\\\/\\\/k-tech-gmbh.ch\\\/#\\\/schema\\\/logo\\\/image\\\/\",\"url\":\"https:\\\/\\\/k-tech-gmbh.ch\\\/wp-content\\\/uploads\\\/2021\\\/09\\\/cropped-Icon_k-tech_gross.png\",\"contentUrl\":\"https:\\\/\\\/k-tech-gmbh.ch\\\/wp-content\\\/uploads\\\/2021\\\/09\\\/cropped-Icon_k-tech_gross.png\",\"width\":512,\"height\":512,\"caption\":\"Anlagenbau K-Tech GmbH\"},\"image\":{\"@id\":\"https:\\\/\\\/k-tech-gmbh.ch\\\/#\\\/schema\\\/logo\\\/image\\\/\"},\"sameAs\":[\"https:\\\/\\\/www.facebook.com\\\/k.tech.gmbh\"]}]}<\/script>\n<!-- \/ Yoast SEO plugin. -->","yoast_head_json":{"title":"Phi\u00adlo\u00adso\u00adphie K\u2011Tech GmbH","description":"Im Mit\u00adtel\u00adpunkt unse\u00adrer T\u00e4tig\u00adkeit steht der Mensch. Wir erach\u00adten es als unse\u00adre Auf\u00adga\u00adbe die Bed\u00fcrf\u00adnis\u00adse unse\u00adrer Kun\u00adden zu erf\u00fcl\u00adlen. Ein freund\u00adlich zuge\u00adwand\u00adter, respekt\u00advol\u00adler, ruhi\u00adger und zuvor\u00adkom\u00admen\u00adder Umgang mit dem Kun\u00adden hat f\u00fcr uns ober\u00adste Priorit\u00e4t.","robots":{"index":"index","follow":"follow","max-snippet":"max-snippet:-1","max-image-preview":"max-image-preview:large","max-video-preview":"max-video-preview:-1"},"canonical":"https:\/\/k-tech-gmbh.ch\/en\/ueber-uns\/philosophie\/","og_locale":"en_US","og_type":"article","og_title":"Philosophie K-Tech GmbH","og_description":"Im Mittelpunkt unserer T\u00e4tigkeit steht der Mensch. Wir erachten es als unsere Aufgabe die Bed\u00fcrfnisse unserer Kunden zu erf\u00fcllen. Ein freundlich zugewandter, respektvoller, ruhiger und zuvorkommender Umgang mit dem Kunden hat f\u00fcr uns oberste Priorit\u00e4t.","og_url":"https:\/\/k-tech-gmbh.ch\/en\/ueber-uns\/philosophie\/","og_site_name":"K-Tech GmbH | Anlagenbau f\u00fcr die Lebensmittel Pharma und Chemie Industrie","article_publisher":"https:\/\/www.facebook.com\/k.tech.gmbh","article_modified_time":"2021-11-14T20:10:03+00:00","og_image":[{"url":"https:\/\/fittinge.ch\/wp-ktech\/wp-content\/uploads\/2021\/09\/Icon_k-tech_weiss_1600px-904x1024.png","type":"","width":"","height":""}],"twitter_card":"summary_large_image","twitter_misc":{"Est. reading time":"2 minutes"},"schema":{"@context":"https:\/\/schema.org","@graph":[{"@type":"WebPage","@id":"https:\/\/k-tech-gmbh.ch\/ueber-uns\/philosophie\/","url":"https:\/\/k-tech-gmbh.ch\/ueber-uns\/philosophie\/","name":"Phi\u00adlo\u00adso\u00adphie K\u2011Tech GmbH","isPartOf":{"@id":"https:\/\/k-tech-gmbh.ch\/#website"},"primaryImageOfPage":{"@id":"https:\/\/k-tech-gmbh.ch\/ueber-uns\/philosophie\/#primaryimage"},"image":{"@id":"https:\/\/k-tech-gmbh.ch\/ueber-uns\/philosophie\/#primaryimage"},"thumbnailUrl":"https:\/\/fittinge.ch\/wp-ktech\/wp-content\/uploads\/2021\/09\/Icon_k-tech_weiss_1600px-904x1024.png","datePublished":"2021-11-14T20:00:10+00:00","dateModified":"2021-11-14T20:10:03+00:00","description":"Im Mit\u00adtel\u00adpunkt unse\u00adrer T\u00e4tig\u00adkeit steht der Mensch. Wir erach\u00adten es als unse\u00adre Auf\u00adga\u00adbe die Bed\u00fcrf\u00adnis\u00adse unse\u00adrer Kun\u00adden zu erf\u00fcl\u00adlen. Ein freund\u00adlich zuge\u00adwand\u00adter, respekt\u00advol\u00adler, ruhi\u00adger und zuvor\u00adkom\u00admen\u00adder Umgang mit dem Kun\u00adden hat f\u00fcr uns ober\u00adste Priorit\u00e4t.","breadcrumb":{"@id":"https:\/\/k-tech-gmbh.ch\/ueber-uns\/philosophie\/#breadcrumb"},"inLanguage":"en-US","potentialAction":[{"@type":"ReadAction","target":["https:\/\/k-tech-gmbh.ch\/ueber-uns\/philosophie\/"]}]},{"@type":"ImageObject","inLanguage":"en-US","@id":"https:\/\/k-tech-gmbh.ch\/ueber-uns\/philosophie\/#primaryimage","url":"https:\/\/fittinge.ch\/wp-ktech\/wp-content\/uploads\/2021\/09\/Icon_k-tech_weiss_1600px-904x1024.png","contentUrl":"https:\/\/fittinge.ch\/wp-ktech\/wp-content\/uploads\/2021\/09\/Icon_k-tech_weiss_1600px-904x1024.png"},{"@type":"BreadcrumbList","@id":"https:\/\/k-tech-gmbh.ch\/ueber-uns\/philosophie\/#breadcrumb","itemListElement":[{"@type":"ListItem","position":1,"name":"Startseite","item":"https:\/\/k-tech-gmbh.ch\/"},{"@type":"ListItem","position":2,"name":"\u00dcber uns","item":"https:\/\/k-tech-gmbh.ch\/ueber-uns\/"},{"@type":"ListItem","position":3,"name":"Philosophie"}]},{"@type":"WebSite","@id":"https:\/\/k-tech-gmbh.ch\/#website","url":"https:\/\/k-tech-gmbh.ch\/","name":"K\u2011Tech GmbH | Anla\u00adgen\u00adbau f\u00fcr die Lebens\u00admit\u00adtel Phar\u00adma und Che\u00admie Industrie","description":"Anla\u00adgen\u00adbau nach&nbsp;Mass","publisher":{"@id":"https:\/\/k-tech-gmbh.ch\/#organization"},"potentialAction":[{"@type":"SearchAction","target":{"@type":"EntryPoint","urlTemplate":"https:\/\/k-tech-gmbh.ch\/?s={search_term_string}"},"query-input":{"@type":"PropertyValueSpecification","valueRequired":true,"valueName":"search_term_string"}}],"inLanguage":"en-US"},{"@type":"Organization","@id":"https:\/\/k-tech-gmbh.ch\/#organization","name":"Anla\u00adgen\u00adbau K\u2011Tech GmbH","url":"https:\/\/k-tech-gmbh.ch\/","logo":{"@type":"ImageObject","inLanguage":"en-US","@id":"https:\/\/k-tech-gmbh.ch\/#\/schema\/logo\/image\/","url":"https:\/\/k-tech-gmbh.ch\/wp-content\/uploads\/2021\/09\/cropped-Icon_k-tech_gross.png","contentUrl":"https:\/\/k-tech-gmbh.ch\/wp-content\/uploads\/2021\/09\/cropped-Icon_k-tech_gross.png","width":512,"height":512,"caption":"Anlagenbau K-Tech GmbH"},"image":{"@id":"https:\/\/k-tech-gmbh.ch\/#\/schema\/logo\/image\/"},"sameAs":["https:\/\/www.facebook.com\/k.tech.gmbh"]}]}},"_links":{"self":[{"href":"https:\/\/k-tech-gmbh.ch\/en\/wp-json\/wp\/v2\/pages\/2737","targetHints":{"allow":["GET"]}}],"collection":[{"href":"https:\/\/k-tech-gmbh.ch\/en\/wp-json\/wp\/v2\/pages"}],"about":[{"href":"https:\/\/k-tech-gmbh.ch\/en\/wp-json\/wp\/v2\/types\/page"}],"author":[{"embeddable":true,"href":"https:\/\/k-tech-gmbh.ch\/en\/wp-json\/wp\/v2\/users\/1"}],"replies":[{"embeddable":true,"href":"https:\/\/k-tech-gmbh.ch\/en\/wp-json\/wp\/v2\/comments?post=2737"}],"version-history":[{"count":0,"href":"https:\/\/k-tech-gmbh.ch\/en\/wp-json\/wp\/v2\/pages\/2737\/revisions"}],"up":[{"embeddable":true,"href":"https:\/\/k-tech-gmbh.ch\/en\/wp-json\/wp\/v2\/pages\/2300"}],"wp:attachment":[{"href":"https:\/\/k-tech-gmbh.ch\/en\/wp-json\/wp\/v2\/media?parent=2737"}],"curies":[{"name":"wp","href":"https:\/\/api.w.org\/{rel}","templated":true}]}}