{"id":3,"date":"2020-05-11T11:40:44","date_gmt":"2020-05-11T11:40:44","guid":{"rendered":"https:\/\/fittinge.ch\/wp-ktech\/?page_id=3"},"modified":"2024-11-11T10:16:47","modified_gmt":"2024-11-11T10:16:47","slug":"datenschutzerklaerung","status":"publish","type":"page","link":"https:\/\/k-tech-gmbh.ch\/en\/datenschutzerklaerung\/","title":{"rendered":"Imprint &amp;&nbsp;Pri\u00adva\u00adcy Policy"},"content":{"rendered":"<div data-elementor-type=\"wp-page\" data-elementor-id=\"3\" class=\"elementor elementor-3\" data-elementor-settings=\"{&quot;element_pack_global_tooltip_width&quot;:{&quot;unit&quot;:&quot;px&quot;,&quot;size&quot;:&quot;&quot;,&quot;sizes&quot;:[]},&quot;element_pack_global_tooltip_width_tablet&quot;:{&quot;unit&quot;:&quot;px&quot;,&quot;size&quot;:&quot;&quot;,&quot;sizes&quot;:[]},&quot;element_pack_global_tooltip_width_mobile&quot;:{&quot;unit&quot;:&quot;px&quot;,&quot;size&quot;:&quot;&quot;,&quot;sizes&quot;:[]},&quot;element_pack_global_tooltip_padding&quot;:{&quot;unit&quot;:&quot;px&quot;,&quot;top&quot;:&quot;&quot;,&quot;right&quot;:&quot;&quot;,&quot;bottom&quot;:&quot;&quot;,&quot;left&quot;:&quot;&quot;,&quot;isLinked&quot;:true},&quot;element_pack_global_tooltip_padding_tablet&quot;:{&quot;unit&quot;:&quot;px&quot;,&quot;top&quot;:&quot;&quot;,&quot;right&quot;:&quot;&quot;,&quot;bottom&quot;:&quot;&quot;,&quot;left&quot;:&quot;&quot;,&quot;isLinked&quot;:true},&quot;element_pack_global_tooltip_padding_mobile&quot;:{&quot;unit&quot;:&quot;px&quot;,&quot;top&quot;:&quot;&quot;,&quot;right&quot;:&quot;&quot;,&quot;bottom&quot;:&quot;&quot;,&quot;left&quot;:&quot;&quot;,&quot;isLinked&quot;:true},&quot;element_pack_global_tooltip_border_radius&quot;:{&quot;unit&quot;:&quot;px&quot;,&quot;top&quot;:&quot;&quot;,&quot;right&quot;:&quot;&quot;,&quot;bottom&quot;:&quot;&quot;,&quot;left&quot;:&quot;&quot;,&quot;isLinked&quot;:true},&quot;element_pack_global_tooltip_border_radius_tablet&quot;:{&quot;unit&quot;:&quot;px&quot;,&quot;top&quot;:&quot;&quot;,&quot;right&quot;:&quot;&quot;,&quot;bottom&quot;:&quot;&quot;,&quot;left&quot;:&quot;&quot;,&quot;isLinked&quot;:true},&quot;element_pack_global_tooltip_border_radius_mobile&quot;:{&quot;unit&quot;:&quot;px&quot;,&quot;top&quot;:&quot;&quot;,&quot;right&quot;:&quot;&quot;,&quot;bottom&quot;:&quot;&quot;,&quot;left&quot;:&quot;&quot;,&quot;isLinked&quot;:true}}\" data-elementor-post-type=\"page\">\n\t\t\t\t\t\t<section class=\"elementor-section elementor-top-section elementor-element elementor-element-7e6f4039 elementor-section-full_width elementor-section-height-default elementor-section-height-default\" data-id=\"7e6f4039\" data-element_type=\"section\" data-e-type=\"section\">\n\t\t\t\t\t\t<div class=\"elementor-container elementor-column-gap-default\">\n\t\t\t\t\t<div class=\"elementor-column elementor-col-100 elementor-top-column elementor-element elementor-element-74a7317d\" data-id=\"74a7317d\" data-element_type=\"column\" data-e-type=\"column\">\n\t\t\t<div class=\"elementor-widget-wrap elementor-element-populated\">\n\t\t\t\t\t\t<div class=\"elementor-element elementor-element-ed95777 elementor-widget elementor-widget-heading\" data-id=\"ed95777\" data-element_type=\"widget\" data-e-type=\"widget\" data-widget_type=\"heading.default\">\n\t\t\t\t<div class=\"elementor-widget-container\">\n\t\t\t\t\t<h1 class=\"elementor-heading-title elementor-size-default\">Imprint and pri\u00adva\u00adcy policy<\/h1>\t\t\t\t<\/div>\n\t\t\t\t<\/div>\n\t\t\t\t<div class=\"elementor-element elementor-element-ada0c9b elementor-widget elementor-widget-html\" data-id=\"ada0c9b\" data-element_type=\"widget\" data-e-type=\"widget\" data-widget_type=\"html.default\">\n\t\t\t\t<div class=\"elementor-widget-container\">\n\t\t\t\t\t<script src=\"https:\/\/www.datenschutzerklaerung.digital\/widget.js\"><\/script>\n<privacy-widget website-id=\"clm6d1qn800jdux20na0iw7s4\" lang=\"de\"><\/privacy-widget>\n\n\n\t\t\t\t<\/div>\n\t\t\t\t<\/div>\n\t\t\t\t\t<\/div>\n\t\t<\/div>\n\t\t\t\t\t<\/div>\n\t\t<\/section>\n\t\t\t\t<section class=\"elementor-section elementor-top-section elementor-element elementor-element-4c0eb4b elementor-section-boxed elementor-section-height-default elementor-section-height-default\" data-id=\"4c0eb4b\" data-element_type=\"section\" data-e-type=\"section\">\n\t\t\t\t\t\t<div class=\"elementor-container elementor-column-gap-default\">\n\t\t\t\t\t<div class=\"elementor-column elementor-col-100 elementor-top-column elementor-element elementor-element-cfb6e7f\" data-id=\"cfb6e7f\" data-element_type=\"column\" data-e-type=\"column\">\n\t\t\t<div class=\"elementor-widget-wrap\">\n\t\t\t\t\t\t\t<\/div>\n\t\t<\/div>\n\t\t\t\t\t<\/div>\n\t\t<\/section>\n\t\t\t\t<\/div>","protected":false},"excerpt":{"rendered":"<p>Pri\u00adva\u00adcy poli\u00adcy \u2013 so that you are also&nbsp;safe.&nbsp;<\/p>","protected":false},"author":1,"featured_media":0,"parent":0,"menu_order":99,"comment_status":"closed","ping_status":"closed","template":"","meta":{"wp_typography_post_enhancements_disabled":false,"footnotes":""},"class_list":["post-3","page","type-page","status-publish","hentry"],"yoast_head":"<!-- This site is optimized with the Yoast SEO plugin v27.4 - https:\/\/yoast.com\/product\/yoast-seo-wordpress\/ -->\n<title>Impressum und Datenschutz bei K-Tech GmbH<\/title>\n<meta name=\"description\" content=\"Datenschutzerkl\u00e4rung der K-Tech GmbH, f\u00fcr Ihre Sicherheit. Nach Schweizer Rechtsprechung f\u00fcr Internetauftritte von Firmen.\" \/>\n<meta name=\"robots\" content=\"index, follow, max-snippet:-1, max-image-preview:large, max-video-preview:-1\" \/>\n<link rel=\"canonical\" href=\"https:\/\/k-tech-gmbh.ch\/en\/datenschutzerklaerung\/\" \/>\n<meta property=\"og:locale\" content=\"en_US\" \/>\n<meta property=\"og:type\" content=\"article\" \/>\n<meta property=\"og:title\" content=\"Impressum und Datenschutz bei K-Tech GmbH\" \/>\n<meta property=\"og:description\" content=\"Datenschutzerkl\u00e4rung der K-Tech GmbH, f\u00fcr Ihre Sicherheit. Nach Schweizer Rechtsprechung f\u00fcr Internetauftritte von Firmen.\" \/>\n<meta property=\"og:url\" content=\"https:\/\/k-tech-gmbh.ch\/en\/datenschutzerklaerung\/\" \/>\n<meta property=\"og:site_name\" content=\"K-Tech GmbH | Anlagenbau f\u00fcr die Lebensmittel Pharma und Chemie Industrie\" \/>\n<meta property=\"article:publisher\" content=\"https:\/\/www.facebook.com\/k.tech.gmbh\" \/>\n<meta property=\"article:modified_time\" content=\"2024-11-11T10:16:47+00:00\" \/>\n<meta property=\"og:image\" content=\"https:\/\/k-tech-gmbh.ch\/wp-content\/uploads\/2024\/01\/102545-1.jpg\" \/>\n\t<meta property=\"og:image:width\" content=\"1920\" \/>\n\t<meta property=\"og:image:height\" content=\"1440\" \/>\n\t<meta property=\"og:image:type\" content=\"image\/jpeg\" \/>\n<meta name=\"twitter:card\" content=\"summary_large_image\" \/>\n<meta name=\"twitter:label1\" content=\"Est. reading time\" \/>\n\t<meta name=\"twitter:data1\" content=\"19 minutes\" \/>\n<script type=\"application\/ld+json\" class=\"yoast-schema-graph\">{\"@context\":\"https:\\\/\\\/schema.org\",\"@graph\":[{\"@type\":\"WebPage\",\"@id\":\"https:\\\/\\\/k-tech-gmbh.ch\\\/datenschutzerklaerung\\\/\",\"url\":\"https:\\\/\\\/k-tech-gmbh.ch\\\/datenschutzerklaerung\\\/\",\"name\":\"Impressum und Datenschutz bei K-Tech GmbH\",\"isPartOf\":{\"@id\":\"https:\\\/\\\/k-tech-gmbh.ch\\\/#website\"},\"datePublished\":\"2020-05-11T11:40:44+00:00\",\"dateModified\":\"2024-11-11T10:16:47+00:00\",\"description\":\"Datenschutzerkl\u00e4rung der K-Tech GmbH, f\u00fcr Ihre Sicherheit. Nach Schweizer Rechtsprechung f\u00fcr Internetauftritte von Firmen.\",\"breadcrumb\":{\"@id\":\"https:\\\/\\\/k-tech-gmbh.ch\\\/datenschutzerklaerung\\\/#breadcrumb\"},\"inLanguage\":\"en-US\",\"potentialAction\":[{\"@type\":\"ReadAction\",\"target\":[\"https:\\\/\\\/k-tech-gmbh.ch\\\/datenschutzerklaerung\\\/\"]}]},{\"@type\":\"BreadcrumbList\",\"@id\":\"https:\\\/\\\/k-tech-gmbh.ch\\\/datenschutzerklaerung\\\/#breadcrumb\",\"itemListElement\":[{\"@type\":\"ListItem\",\"position\":1,\"name\":\"Startseite\",\"item\":\"https:\\\/\\\/k-tech-gmbh.ch\\\/\"},{\"@type\":\"ListItem\",\"position\":2,\"name\":\"Impressum &#038; Datenschutzerkl\u00e4rung\"}]},{\"@type\":\"WebSite\",\"@id\":\"https:\\\/\\\/k-tech-gmbh.ch\\\/#website\",\"url\":\"https:\\\/\\\/k-tech-gmbh.ch\\\/\",\"name\":\"K-Tech GmbH | Anlagenbau f\u00fcr die Lebensmittel Pharma und Chemie Industrie\",\"description\":\"Anlagenbau nach Mass\",\"publisher\":{\"@id\":\"https:\\\/\\\/k-tech-gmbh.ch\\\/#organization\"},\"potentialAction\":[{\"@type\":\"SearchAction\",\"target\":{\"@type\":\"EntryPoint\",\"urlTemplate\":\"https:\\\/\\\/k-tech-gmbh.ch\\\/?s={search_term_string}\"},\"query-input\":{\"@type\":\"PropertyValueSpecification\",\"valueRequired\":true,\"valueName\":\"search_term_string\"}}],\"inLanguage\":\"en-US\"},{\"@type\":\"Organization\",\"@id\":\"https:\\\/\\\/k-tech-gmbh.ch\\\/#organization\",\"name\":\"Anlagenbau K-Tech GmbH\",\"url\":\"https:\\\/\\\/k-tech-gmbh.ch\\\/\",\"logo\":{\"@type\":\"ImageObject\",\"inLanguage\":\"en-US\",\"@id\":\"https:\\\/\\\/k-tech-gmbh.ch\\\/#\\\/schema\\\/logo\\\/image\\\/\",\"url\":\"https:\\\/\\\/k-tech-gmbh.ch\\\/wp-content\\\/uploads\\\/2021\\\/09\\\/cropped-Icon_k-tech_gross.png\",\"contentUrl\":\"https:\\\/\\\/k-tech-gmbh.ch\\\/wp-content\\\/uploads\\\/2021\\\/09\\\/cropped-Icon_k-tech_gross.png\",\"width\":512,\"height\":512,\"caption\":\"Anlagenbau K-Tech GmbH\"},\"image\":{\"@id\":\"https:\\\/\\\/k-tech-gmbh.ch\\\/#\\\/schema\\\/logo\\\/image\\\/\"},\"sameAs\":[\"https:\\\/\\\/www.facebook.com\\\/k.tech.gmbh\"]}]}<\/script>\n<!-- \/ Yoast SEO plugin. -->","yoast_head_json":{"title":"Impres\u00adsum und Daten\u00adschutz bei K\u2011Tech GmbH","description":"Daten\u00adschutz\u00ader\u00adkl\u00e4\u00adrung der K\u2011Tech GmbH, f\u00fcr Ihre Sicher\u00adheit. Nach Schwei\u00adzer Recht\u00adspre\u00adchung f\u00fcr Inter\u00adnet\u00adauf\u00adtrit\u00adte von Firmen.","robots":{"index":"index","follow":"follow","max-snippet":"max-snippet:-1","max-image-preview":"max-image-preview:large","max-video-preview":"max-video-preview:-1"},"canonical":"https:\/\/k-tech-gmbh.ch\/en\/datenschutzerklaerung\/","og_locale":"en_US","og_type":"article","og_title":"Impressum und Datenschutz bei K-Tech GmbH","og_description":"Datenschutzerkl\u00e4rung der K-Tech GmbH, f\u00fcr Ihre Sicherheit. Nach Schweizer Rechtsprechung f\u00fcr Internetauftritte von Firmen.","og_url":"https:\/\/k-tech-gmbh.ch\/en\/datenschutzerklaerung\/","og_site_name":"K-Tech GmbH | Anlagenbau f\u00fcr die Lebensmittel Pharma und Chemie Industrie","article_publisher":"https:\/\/www.facebook.com\/k.tech.gmbh","article_modified_time":"2024-11-11T10:16:47+00:00","og_image":[{"width":1920,"height":1440,"url":"https:\/\/k-tech-gmbh.ch\/wp-content\/uploads\/2024\/01\/102545-1.jpg","type":"image\/jpeg"}],"twitter_card":"summary_large_image","twitter_misc":{"Est. reading time":"19 minutes"},"schema":{"@context":"https:\/\/schema.org","@graph":[{"@type":"WebPage","@id":"https:\/\/k-tech-gmbh.ch\/datenschutzerklaerung\/","url":"https:\/\/k-tech-gmbh.ch\/datenschutzerklaerung\/","name":"Impres\u00adsum und Daten\u00adschutz bei K\u2011Tech GmbH","isPartOf":{"@id":"https:\/\/k-tech-gmbh.ch\/#website"},"datePublished":"2020-05-11T11:40:44+00:00","dateModified":"2024-11-11T10:16:47+00:00","description":"Daten\u00adschutz\u00ader\u00adkl\u00e4\u00adrung der K\u2011Tech GmbH, f\u00fcr Ihre Sicher\u00adheit. Nach Schwei\u00adzer Recht\u00adspre\u00adchung f\u00fcr Inter\u00adnet\u00adauf\u00adtrit\u00adte von Firmen.","breadcrumb":{"@id":"https:\/\/k-tech-gmbh.ch\/datenschutzerklaerung\/#breadcrumb"},"inLanguage":"en-US","potentialAction":[{"@type":"ReadAction","target":["https:\/\/k-tech-gmbh.ch\/datenschutzerklaerung\/"]}]},{"@type":"BreadcrumbList","@id":"https:\/\/k-tech-gmbh.ch\/datenschutzerklaerung\/#breadcrumb","itemListElement":[{"@type":"ListItem","position":1,"name":"Startseite","item":"https:\/\/k-tech-gmbh.ch\/"},{"@type":"ListItem","position":2,"name":"Impressum &#038; Datenschutzerkl\u00e4rung"}]},{"@type":"WebSite","@id":"https:\/\/k-tech-gmbh.ch\/#website","url":"https:\/\/k-tech-gmbh.ch\/","name":"K\u2011Tech GmbH | Anla\u00adgen\u00adbau f\u00fcr die Lebens\u00admit\u00adtel Phar\u00adma und Che\u00admie Industrie","description":"Anla\u00adgen\u00adbau nach&nbsp;Mass","publisher":{"@id":"https:\/\/k-tech-gmbh.ch\/#organization"},"potentialAction":[{"@type":"SearchAction","target":{"@type":"EntryPoint","urlTemplate":"https:\/\/k-tech-gmbh.ch\/?s={search_term_string}"},"query-input":{"@type":"PropertyValueSpecification","valueRequired":true,"valueName":"search_term_string"}}],"inLanguage":"en-US"},{"@type":"Organization","@id":"https:\/\/k-tech-gmbh.ch\/#organization","name":"Anla\u00adgen\u00adbau K\u2011Tech GmbH","url":"https:\/\/k-tech-gmbh.ch\/","logo":{"@type":"ImageObject","inLanguage":"en-US","@id":"https:\/\/k-tech-gmbh.ch\/#\/schema\/logo\/image\/","url":"https:\/\/k-tech-gmbh.ch\/wp-content\/uploads\/2021\/09\/cropped-Icon_k-tech_gross.png","contentUrl":"https:\/\/k-tech-gmbh.ch\/wp-content\/uploads\/2021\/09\/cropped-Icon_k-tech_gross.png","width":512,"height":512,"caption":"Anlagenbau K-Tech GmbH"},"image":{"@id":"https:\/\/k-tech-gmbh.ch\/#\/schema\/logo\/image\/"},"sameAs":["https:\/\/www.facebook.com\/k.tech.gmbh"]}]}},"_links":{"self":[{"href":"https:\/\/k-tech-gmbh.ch\/en\/wp-json\/wp\/v2\/pages\/3","targetHints":{"allow":["GET"]}}],"collection":[{"href":"https:\/\/k-tech-gmbh.ch\/en\/wp-json\/wp\/v2\/pages"}],"about":[{"href":"https:\/\/k-tech-gmbh.ch\/en\/wp-json\/wp\/v2\/types\/page"}],"author":[{"embeddable":true,"href":"https:\/\/k-tech-gmbh.ch\/en\/wp-json\/wp\/v2\/users\/1"}],"replies":[{"embeddable":true,"href":"https:\/\/k-tech-gmbh.ch\/en\/wp-json\/wp\/v2\/comments?post=3"}],"version-history":[{"count":5,"href":"https:\/\/k-tech-gmbh.ch\/en\/wp-json\/wp\/v2\/pages\/3\/revisions"}],"predecessor-version":[{"id":5661,"href":"https:\/\/k-tech-gmbh.ch\/en\/wp-json\/wp\/v2\/pages\/3\/revisions\/5661"}],"wp:attachment":[{"href":"https:\/\/k-tech-gmbh.ch\/en\/wp-json\/wp\/v2\/media?parent=3"}],"curies":[{"name":"wp","href":"https:\/\/api.w.org\/{rel}","templated":true}]}}