{"id":5662,"date":"2024-11-18T09:24:25","date_gmt":"2024-11-18T09:24:25","guid":{"rendered":"https:\/\/k-tech-gmbh.ch\/?page_id=5662"},"modified":"2025-11-06T09:04:03","modified_gmt":"2025-11-06T09:04:03","slug":"partner","status":"publish","type":"page","link":"https:\/\/k-tech-gmbh.ch\/en\/partner\/","title":{"rendered":"Our part\u00adner websites"},"content":{"rendered":"<div data-elementor-type=\"wp-page\" data-elementor-id=\"5662\" class=\"elementor elementor-5662\" data-elementor-settings=\"{&quot;element_pack_global_tooltip_width&quot;:{&quot;unit&quot;:&quot;px&quot;,&quot;size&quot;:&quot;&quot;,&quot;sizes&quot;:[]},&quot;element_pack_global_tooltip_width_tablet&quot;:{&quot;unit&quot;:&quot;px&quot;,&quot;size&quot;:&quot;&quot;,&quot;sizes&quot;:[]},&quot;element_pack_global_tooltip_width_mobile&quot;:{&quot;unit&quot;:&quot;px&quot;,&quot;size&quot;:&quot;&quot;,&quot;sizes&quot;:[]},&quot;element_pack_global_tooltip_padding&quot;:{&quot;unit&quot;:&quot;px&quot;,&quot;top&quot;:&quot;&quot;,&quot;right&quot;:&quot;&quot;,&quot;bottom&quot;:&quot;&quot;,&quot;left&quot;:&quot;&quot;,&quot;isLinked&quot;:true},&quot;element_pack_global_tooltip_padding_tablet&quot;:{&quot;unit&quot;:&quot;px&quot;,&quot;top&quot;:&quot;&quot;,&quot;right&quot;:&quot;&quot;,&quot;bottom&quot;:&quot;&quot;,&quot;left&quot;:&quot;&quot;,&quot;isLinked&quot;:true},&quot;element_pack_global_tooltip_padding_mobile&quot;:{&quot;unit&quot;:&quot;px&quot;,&quot;top&quot;:&quot;&quot;,&quot;right&quot;:&quot;&quot;,&quot;bottom&quot;:&quot;&quot;,&quot;left&quot;:&quot;&quot;,&quot;isLinked&quot;:true},&quot;element_pack_global_tooltip_border_radius&quot;:{&quot;unit&quot;:&quot;px&quot;,&quot;top&quot;:&quot;&quot;,&quot;right&quot;:&quot;&quot;,&quot;bottom&quot;:&quot;&quot;,&quot;left&quot;:&quot;&quot;,&quot;isLinked&quot;:true},&quot;element_pack_global_tooltip_border_radius_tablet&quot;:{&quot;unit&quot;:&quot;px&quot;,&quot;top&quot;:&quot;&quot;,&quot;right&quot;:&quot;&quot;,&quot;bottom&quot;:&quot;&quot;,&quot;left&quot;:&quot;&quot;,&quot;isLinked&quot;:true},&quot;element_pack_global_tooltip_border_radius_mobile&quot;:{&quot;unit&quot;:&quot;px&quot;,&quot;top&quot;:&quot;&quot;,&quot;right&quot;:&quot;&quot;,&quot;bottom&quot;:&quot;&quot;,&quot;left&quot;:&quot;&quot;,&quot;isLinked&quot;:true}}\" data-elementor-post-type=\"page\">\n\t\t\t\t\t\t<section class=\"elementor-section elementor-top-section elementor-element elementor-element-da26ff7 elementor-section-boxed elementor-section-height-default elementor-section-height-default\" data-id=\"da26ff7\" data-element_type=\"section\" data-e-type=\"section\">\n\t\t\t\t\t\t<div class=\"elementor-container elementor-column-gap-default\">\n\t\t\t\t\t<div class=\"elementor-column elementor-col-100 elementor-top-column elementor-element elementor-element-b8cc658\" data-id=\"b8cc658\" data-element_type=\"column\" data-e-type=\"column\">\n\t\t\t<div class=\"elementor-widget-wrap elementor-element-populated\">\n\t\t\t\t\t\t<div class=\"elementor-element elementor-element-d659323 elementor-widget elementor-widget-text-editor\" data-id=\"d659323\" data-element_type=\"widget\" data-e-type=\"widget\" data-widget_type=\"text-editor.default\">\n\t\t\t\t<div class=\"elementor-widget-container\">\n\t\t\t\t\t\t\t\t\t<p><a href=\"https:\/\/www.anlagenbau-lebensmittel.ch\" target=\"_blank\" rel=\"noopener noreferrer\">Plant engi\u00adnee\u00adring for the food industry<\/a><\/p><p><a href=\"https:\/\/www.anlagenbau-pharma.ch\" target=\"_blank\" rel=\"noopener noreferrer\">Plant engi\u00adnee\u00adring for the phar\u00admaceu\u00adti\u00adcal industry<\/a><\/p><p><a href=\"https:\/\/www.anlagenbau-chemie.ch\" target=\"_blank\" rel=\"noopener noreferrer\">Plant engi\u00adnee\u00adring for the che\u00admical industry<\/a><\/p><p><a href=\"https:\/\/www.fernwaerme-installation.ch\" target=\"_blank\" rel=\"noopener noreferrer\">District hea\u00adting instal\u00adla\u00adti\u00adons Switzerland<\/a><\/p><p><a href=\"https:\/\/www.cip-anlagen.ch\" target=\"_blank\" rel=\"noopener noreferrer\">CIP systems for the food, che\u00admical and phar\u00admaceu\u00adti\u00adcal industries<\/a><\/p><p><a href=\"https:\/\/www.inoxtank.ch\" target=\"_blank\" rel=\"noopener noreferrer\">Tank cons\u00adtruc\u00adtion for the food, che\u00admical and phar\u00admaceu\u00adti\u00adcal industries<\/a><\/p><p><a href=\"https:\/\/www.permix.ch\" target=\"_blank\" rel=\"noopener noreferrer\">Mixing systems for the food, phar\u00admaceu\u00adti\u00adcal and che\u00admical industries<\/a><\/p><p><a href=\"https:\/\/perheattransfer.ch\" target=\"_blank\" rel=\"noopener\">Pla\u00adte heat exch\u00adan\u00adgers, shell and tube heat exch\u00adan\u00adgers, dou\u00adble pipe heat exch\u00adan\u00adgers Sales Switzerland<\/a><\/p>\t\t\t\t\t\t\t\t<\/div>\n\t\t\t\t<\/div>\n\t\t\t\t\t<\/div>\n\t\t<\/div>\n\t\t\t\t\t<\/div>\n\t\t<\/section>\n\t\t\t\t<\/div>","protected":false},"excerpt":{"rendered":"<p>Anla\u00adgen\u00adbau f\u00fcr die Lebens\u00admit\u00adtel\u00adin\u00addu\u00adstrie Anla\u00adgen\u00adbau f\u00fcr die Phar\u00adma\u00adin\u00addu\u00adstrie Anla\u00adgen\u00adbau f\u00fcr die Che\u00admie\u00adin\u00addu\u00adstrie Fern\u00adw\u00e4r\u00adme Instal\u00adla\u00adtio\u00adnen Schweiz CIP Anla\u00adgen f\u00fcr die Lebens\u00admit\u00adtel\u00adin\u00addu\u00adstrie, Che\u00admie\u00adin\u00addu\u00adstrie und Phar\u00adma\u00adin\u00addu\u00adstrie Tank\u00adbau f\u00fcr&nbsp;die Lebens\u00admit\u00adtel\u00adin\u00addu\u00adstrie, Che\u00admie\u00adin\u00addu\u00adstrie und Phar\u00adma\u00adin\u00addu\u00adstrie Misch\u00adan\u00adla\u00adgen f\u00fcr die Lebens\u00admit\u00adtel\u00adin\u00addu\u00adstrie, Phar\u00adma\u00adin\u00addu\u00adstrie und Che\u00admie\u00adin\u00addu\u00adstrie Plat\u00adten W\u00e4r\u00adme\u00adtau\u00adscher, Rohr\u00adb\u00fcn\u00addel W\u00e4r\u00adme\u00adtau\u00adscher, Dop\u00adpel\u00adrohr W\u00e4r\u00adme\u00adtau\u00adscher Ver\u00adtrieb Schweiz<\/p>","protected":false},"author":3,"featured_media":0,"parent":0,"menu_order":0,"comment_status":"closed","ping_status":"closed","template":"","meta":{"wp_typography_post_enhancements_disabled":false,"footnotes":""},"class_list":["post-5662","page","type-page","status-publish","hentry"],"yoast_head":"<!-- This site is optimized with the Yoast SEO plugin v27.4 - https:\/\/yoast.com\/product\/yoast-seo-wordpress\/ -->\n<title>Partnerwebseiten<\/title>\n<meta name=\"description\" content=\"Mit inoxTANK steht Ihnen ein vertrauensw\u00fcrdiger und erfahrener Anbieter von Edelstahltanks und Beh\u00e4ltern zur Seite. Mit der B\u00fcchler Anlagenbau AG und K\u2011Tech GmbH stehen zwei namhafte Anlagebau-Unternehmen hinter der Marke inoxTANK.\" \/>\n<meta name=\"robots\" content=\"index, follow, max-snippet:-1, max-image-preview:large, max-video-preview:-1\" \/>\n<link rel=\"canonical\" href=\"https:\/\/k-tech-gmbh.ch\/en\/partner\/\" \/>\n<meta property=\"og:locale\" content=\"en_US\" \/>\n<meta property=\"og:type\" content=\"article\" \/>\n<meta property=\"og:title\" content=\"Partnerwebseiten\" \/>\n<meta property=\"og:description\" content=\"Mit inoxTANK steht Ihnen ein vertrauensw\u00fcrdiger und erfahrener Anbieter von Edelstahltanks und Beh\u00e4ltern zur Seite. Mit der B\u00fcchler Anlagenbau AG und K\u2011Tech GmbH stehen zwei namhafte Anlagebau-Unternehmen hinter der Marke inoxTANK.\" \/>\n<meta property=\"og:url\" content=\"https:\/\/k-tech-gmbh.ch\/en\/partner\/\" \/>\n<meta property=\"og:site_name\" content=\"K-Tech GmbH | Anlagenbau f\u00fcr die Lebensmittel Pharma und Chemie Industrie\" \/>\n<meta property=\"article:publisher\" content=\"https:\/\/www.facebook.com\/k.tech.gmbh\" \/>\n<meta property=\"article:modified_time\" content=\"2025-11-06T09:04:03+00:00\" \/>\n<meta property=\"og:image\" content=\"https:\/\/k-tech-gmbh.ch\/wp-content\/uploads\/2024\/01\/102545-1.jpg\" \/>\n\t<meta property=\"og:image:width\" content=\"1920\" \/>\n\t<meta property=\"og:image:height\" content=\"1440\" \/>\n\t<meta property=\"og:image:type\" content=\"image\/jpeg\" \/>\n<meta name=\"twitter:card\" content=\"summary_large_image\" \/>\n<meta name=\"twitter:label1\" content=\"Est. reading time\" \/>\n\t<meta name=\"twitter:data1\" content=\"1 minute\" \/>\n<script type=\"application\/ld+json\" class=\"yoast-schema-graph\">{\"@context\":\"https:\\\/\\\/schema.org\",\"@graph\":[{\"@type\":\"WebPage\",\"@id\":\"https:\\\/\\\/k-tech-gmbh.ch\\\/partner\\\/\",\"url\":\"https:\\\/\\\/k-tech-gmbh.ch\\\/partner\\\/\",\"name\":\"Partnerwebseiten\",\"isPartOf\":{\"@id\":\"https:\\\/\\\/k-tech-gmbh.ch\\\/#website\"},\"datePublished\":\"2024-11-18T09:24:25+00:00\",\"dateModified\":\"2025-11-06T09:04:03+00:00\",\"description\":\"Mit inoxTANK steht Ihnen ein vertrauensw\u00fcrdiger und erfahrener Anbieter von Edelstahltanks und Beh\u00e4ltern zur Seite. Mit der B\u00fcchler Anlagenbau AG und K\u2011Tech GmbH stehen zwei namhafte Anlagebau-Unternehmen hinter der Marke inoxTANK.\",\"breadcrumb\":{\"@id\":\"https:\\\/\\\/k-tech-gmbh.ch\\\/partner\\\/#breadcrumb\"},\"inLanguage\":\"en-US\",\"potentialAction\":[{\"@type\":\"ReadAction\",\"target\":[\"https:\\\/\\\/k-tech-gmbh.ch\\\/partner\\\/\"]}]},{\"@type\":\"BreadcrumbList\",\"@id\":\"https:\\\/\\\/k-tech-gmbh.ch\\\/partner\\\/#breadcrumb\",\"itemListElement\":[{\"@type\":\"ListItem\",\"position\":1,\"name\":\"Startseite\",\"item\":\"https:\\\/\\\/k-tech-gmbh.ch\\\/\"},{\"@type\":\"ListItem\",\"position\":2,\"name\":\"Unsere Partnerwebseiten\"}]},{\"@type\":\"WebSite\",\"@id\":\"https:\\\/\\\/k-tech-gmbh.ch\\\/#website\",\"url\":\"https:\\\/\\\/k-tech-gmbh.ch\\\/\",\"name\":\"K-Tech GmbH | Anlagenbau f\u00fcr die Lebensmittel Pharma und Chemie Industrie\",\"description\":\"Anlagenbau nach Mass\",\"publisher\":{\"@id\":\"https:\\\/\\\/k-tech-gmbh.ch\\\/#organization\"},\"potentialAction\":[{\"@type\":\"SearchAction\",\"target\":{\"@type\":\"EntryPoint\",\"urlTemplate\":\"https:\\\/\\\/k-tech-gmbh.ch\\\/?s={search_term_string}\"},\"query-input\":{\"@type\":\"PropertyValueSpecification\",\"valueRequired\":true,\"valueName\":\"search_term_string\"}}],\"inLanguage\":\"en-US\"},{\"@type\":\"Organization\",\"@id\":\"https:\\\/\\\/k-tech-gmbh.ch\\\/#organization\",\"name\":\"Anlagenbau K-Tech GmbH\",\"url\":\"https:\\\/\\\/k-tech-gmbh.ch\\\/\",\"logo\":{\"@type\":\"ImageObject\",\"inLanguage\":\"en-US\",\"@id\":\"https:\\\/\\\/k-tech-gmbh.ch\\\/#\\\/schema\\\/logo\\\/image\\\/\",\"url\":\"https:\\\/\\\/k-tech-gmbh.ch\\\/wp-content\\\/uploads\\\/2021\\\/09\\\/cropped-Icon_k-tech_gross.png\",\"contentUrl\":\"https:\\\/\\\/k-tech-gmbh.ch\\\/wp-content\\\/uploads\\\/2021\\\/09\\\/cropped-Icon_k-tech_gross.png\",\"width\":512,\"height\":512,\"caption\":\"Anlagenbau K-Tech GmbH\"},\"image\":{\"@id\":\"https:\\\/\\\/k-tech-gmbh.ch\\\/#\\\/schema\\\/logo\\\/image\\\/\"},\"sameAs\":[\"https:\\\/\\\/www.facebook.com\\\/k.tech.gmbh\"]}]}<\/script>\n<!-- \/ Yoast SEO plugin. -->","yoast_head_json":{"title":"Part\u00adner\u00adweb\u00adsei\u00adten","description":"Mit inox\u00adTANK steht Ihnen ein ver\u00adtrau\u00adens\u00adw\u00fcr\u00addi\u00adger und erfah\u00adre\u00adner Anbie\u00adter von Edel\u00adstahl\u00adtanks und Beh\u00e4l\u00adtern zur Sei\u00adte. Mit der B\u00fcch\u00adler Anla\u00adgen\u00adbau AG und K\u2011Tech GmbH ste\u00adhen zwei nam\u00adhaf\u00adte Anla\u00adge\u00adbau-Unter\u00adneh\u00admen hin\u00adter der Mar\u00adke inoxTANK.","robots":{"index":"index","follow":"follow","max-snippet":"max-snippet:-1","max-image-preview":"max-image-preview:large","max-video-preview":"max-video-preview:-1"},"canonical":"https:\/\/k-tech-gmbh.ch\/en\/partner\/","og_locale":"en_US","og_type":"article","og_title":"Partnerwebseiten","og_description":"Mit inoxTANK steht Ihnen ein vertrauensw\u00fcrdiger und erfahrener Anbieter von Edelstahltanks und Beh\u00e4ltern zur Seite. Mit der B\u00fcchler Anlagenbau AG und K\u2011Tech GmbH stehen zwei namhafte Anlagebau-Unternehmen hinter der Marke inoxTANK.","og_url":"https:\/\/k-tech-gmbh.ch\/en\/partner\/","og_site_name":"K-Tech GmbH | Anlagenbau f\u00fcr die Lebensmittel Pharma und Chemie Industrie","article_publisher":"https:\/\/www.facebook.com\/k.tech.gmbh","article_modified_time":"2025-11-06T09:04:03+00:00","og_image":[{"width":1920,"height":1440,"url":"https:\/\/k-tech-gmbh.ch\/wp-content\/uploads\/2024\/01\/102545-1.jpg","type":"image\/jpeg"}],"twitter_card":"summary_large_image","twitter_misc":{"Est. reading time":"1 minute"},"schema":{"@context":"https:\/\/schema.org","@graph":[{"@type":"WebPage","@id":"https:\/\/k-tech-gmbh.ch\/partner\/","url":"https:\/\/k-tech-gmbh.ch\/partner\/","name":"Part\u00adner\u00adweb\u00adsei\u00adten","isPartOf":{"@id":"https:\/\/k-tech-gmbh.ch\/#website"},"datePublished":"2024-11-18T09:24:25+00:00","dateModified":"2025-11-06T09:04:03+00:00","description":"Mit inox\u00adTANK steht Ihnen ein ver\u00adtrau\u00adens\u00adw\u00fcr\u00addi\u00adger und erfah\u00adre\u00adner Anbie\u00adter von Edel\u00adstahl\u00adtanks und Beh\u00e4l\u00adtern zur Sei\u00adte. Mit der B\u00fcch\u00adler Anla\u00adgen\u00adbau AG und K\u2011Tech GmbH ste\u00adhen zwei nam\u00adhaf\u00adte Anla\u00adge\u00adbau-Unter\u00adneh\u00admen hin\u00adter der Mar\u00adke inoxTANK.","breadcrumb":{"@id":"https:\/\/k-tech-gmbh.ch\/partner\/#breadcrumb"},"inLanguage":"en-US","potentialAction":[{"@type":"ReadAction","target":["https:\/\/k-tech-gmbh.ch\/partner\/"]}]},{"@type":"BreadcrumbList","@id":"https:\/\/k-tech-gmbh.ch\/partner\/#breadcrumb","itemListElement":[{"@type":"ListItem","position":1,"name":"Startseite","item":"https:\/\/k-tech-gmbh.ch\/"},{"@type":"ListItem","position":2,"name":"Unsere Partnerwebseiten"}]},{"@type":"WebSite","@id":"https:\/\/k-tech-gmbh.ch\/#website","url":"https:\/\/k-tech-gmbh.ch\/","name":"K\u2011Tech GmbH | Anla\u00adgen\u00adbau f\u00fcr die Lebens\u00admit\u00adtel Phar\u00adma und Che\u00admie Industrie","description":"Anla\u00adgen\u00adbau nach&nbsp;Mass","publisher":{"@id":"https:\/\/k-tech-gmbh.ch\/#organization"},"potentialAction":[{"@type":"SearchAction","target":{"@type":"EntryPoint","urlTemplate":"https:\/\/k-tech-gmbh.ch\/?s={search_term_string}"},"query-input":{"@type":"PropertyValueSpecification","valueRequired":true,"valueName":"search_term_string"}}],"inLanguage":"en-US"},{"@type":"Organization","@id":"https:\/\/k-tech-gmbh.ch\/#organization","name":"Anla\u00adgen\u00adbau K\u2011Tech GmbH","url":"https:\/\/k-tech-gmbh.ch\/","logo":{"@type":"ImageObject","inLanguage":"en-US","@id":"https:\/\/k-tech-gmbh.ch\/#\/schema\/logo\/image\/","url":"https:\/\/k-tech-gmbh.ch\/wp-content\/uploads\/2021\/09\/cropped-Icon_k-tech_gross.png","contentUrl":"https:\/\/k-tech-gmbh.ch\/wp-content\/uploads\/2021\/09\/cropped-Icon_k-tech_gross.png","width":512,"height":512,"caption":"Anlagenbau K-Tech GmbH"},"image":{"@id":"https:\/\/k-tech-gmbh.ch\/#\/schema\/logo\/image\/"},"sameAs":["https:\/\/www.facebook.com\/k.tech.gmbh"]}]}},"_links":{"self":[{"href":"https:\/\/k-tech-gmbh.ch\/en\/wp-json\/wp\/v2\/pages\/5662","targetHints":{"allow":["GET"]}}],"collection":[{"href":"https:\/\/k-tech-gmbh.ch\/en\/wp-json\/wp\/v2\/pages"}],"about":[{"href":"https:\/\/k-tech-gmbh.ch\/en\/wp-json\/wp\/v2\/types\/page"}],"author":[{"embeddable":true,"href":"https:\/\/k-tech-gmbh.ch\/en\/wp-json\/wp\/v2\/users\/3"}],"replies":[{"embeddable":true,"href":"https:\/\/k-tech-gmbh.ch\/en\/wp-json\/wp\/v2\/comments?post=5662"}],"version-history":[{"count":5,"href":"https:\/\/k-tech-gmbh.ch\/en\/wp-json\/wp\/v2\/pages\/5662\/revisions"}],"predecessor-version":[{"id":5976,"href":"https:\/\/k-tech-gmbh.ch\/en\/wp-json\/wp\/v2\/pages\/5662\/revisions\/5976"}],"wp:attachment":[{"href":"https:\/\/k-tech-gmbh.ch\/en\/wp-json\/wp\/v2\/media?parent=5662"}],"curies":[{"name":"wp","href":"https:\/\/api.w.org\/{rel}","templated":true}]}}